{"id":1057,"date":"2022-10-23T22:21:44","date_gmt":"2022-10-23T22:21:44","guid":{"rendered":"https:\/\/scalakampus.com\/?page_id=1057"},"modified":"2025-05-20T20:06:17","modified_gmt":"2025-05-20T20:06:17","slug":"yayinkurulu","status":"publish","type":"page","link":"https:\/\/scalacampus.com\/en\/yayinkurulu\/","title":{"rendered":"EDITORIAL BOARD"},"content":{"rendered":"<div data-elementor-type=\"wp-page\" data-elementor-id=\"1057\" class=\"elementor elementor-1057\">\n\t\t\t\t\t\t<section class=\"elementor-section elementor-top-section elementor-element elementor-element-9ae14b3 elementor-section-boxed elementor-section-height-default elementor-section-height-default\" data-id=\"9ae14b3\" data-element_type=\"section\">\n\t\t\t\t\t\t<div class=\"elementor-container elementor-column-gap-default\">\n\t\t\t\t\t<div class=\"elementor-column elementor-col-100 elementor-top-column elementor-element elementor-element-ca5be2e\" data-id=\"ca5be2e\" data-element_type=\"column\">\n\t\t\t<div class=\"elementor-widget-wrap elementor-element-populated\">\n\t\t\t\t\t\t<div class=\"elementor-element elementor-element-a1a7ffb elementor-widget elementor-widget-text-editor\" data-id=\"a1a7ffb\" data-element_type=\"widget\" data-widget_type=\"text-editor.default\">\n\t\t\t\t<div class=\"elementor-widget-container\">\n\t\t\t\t\t\t\t\t\t<p><b style=\"color: #222222; font-family: Arial, Helvetica, sans-serif; font-size: small;\">Sahibi<br><\/b><span style=\"color: #222222; font-family: Arial, Helvetica, sans-serif; font-size: small;\">Novel Scala Bas\u0131l\u0131 Yay\u0131n A.\u015e. Ad\u0131na<\/span><br style=\"color: #222222; font-family: Arial, Helvetica, sans-serif; font-size: small;\"><span style=\"color: #222222; font-family: Arial, Helvetica, sans-serif; font-size: small;\">O. Hakan Feyyat<\/span><br style=\"color: #222222; font-family: Arial, Helvetica, sans-serif; font-size: small;\"><br style=\"color: #222222; font-family: Arial, Helvetica, sans-serif; font-size: small;\"><b style=\"color: #222222; font-family: Arial, Helvetica, sans-serif; font-size: small;\">Sorumlu Yaz\u0131 \u0130\u015fleri M\u00fcd\u00fcr\u00fc<\/b><br style=\"color: #222222; font-family: Arial, Helvetica, sans-serif; font-size: small;\"><br style=\"color: #222222; font-family: Arial, Helvetica, sans-serif; font-size: small;\"><br style=\"color: #222222; font-family: Arial, Helvetica, sans-serif; font-size: small;\"><b style=\"color: #222222; font-family: Arial, Helvetica, sans-serif; font-size: small;\">Dan\u0131\u015fma \/ Hakem Kurulu Ba\u015fkan\u0131<\/b><b style=\"color: #222222; font-family: Arial, Helvetica, sans-serif; font-size: small;\"><\/b><br style=\"color: #222222; font-family: Arial, Helvetica, sans-serif; font-size: small;\"><span style=\"color: #222222; font-family: Arial, Helvetica, sans-serif; font-size: small;\">Prof. Dr. Mehmet Emin Karaarslan<\/span><br style=\"color: #222222; font-family: Arial, Helvetica, sans-serif; font-size: small;\"><br style=\"color: #222222; font-family: Arial, Helvetica, sans-serif; font-size: small;\"><b style=\"color: #222222; font-family: Arial, Helvetica, sans-serif; font-size: small;\">Yay\u0131n Kurulu Ba\u015fkan\u0131<br><\/b><span style=\"color: #222222; font-family: Arial, Helvetica, sans-serif; font-size: small;\">Osman \u015eenkul<\/span><br style=\"color: #222222; font-family: Arial, Helvetica, sans-serif; font-size: small;\"><br style=\"color: #222222; font-family: Arial, Helvetica, sans-serif; font-size: small;\"><b style=\"color: #222222; font-family: Arial, Helvetica, sans-serif; font-size: small;\">Redaksiyon<br><\/b><br style=\"color: #222222; font-family: Arial, Helvetica, sans-serif; font-size: small;\"><span style=\"color: #222222; font-family: Arial, Helvetica, sans-serif; font-size: small;\">Cengiz Ayvaz<\/span><br style=\"color: #222222; font-family: Arial, Helvetica, sans-serif; font-size: small;\"><br style=\"color: #222222; font-family: Arial, Helvetica, sans-serif; font-size: small;\"><b style=\"color: #222222; font-family: Arial, Helvetica, sans-serif; font-size: small;\">Yay\u0131n Kurulu \u00dcyeleri<\/b><\/p>\n<p><b style=\"color: #222222; font-family: Arial, Helvetica, sans-serif; font-size: small;\"><\/b><span style=\"color: #222222; font-family: Arial, Helvetica, sans-serif; font-size: small;\">Canan Feyyat<\/span><br style=\"color: #222222; font-family: Arial, Helvetica, sans-serif; font-size: small;\"><span style=\"color: #222222; font-family: Arial, Helvetica, sans-serif; font-size: small;\">Halim \u00c7\u00fcn<\/span><br style=\"color: #222222; font-family: Arial, Helvetica, sans-serif; font-size: small;\"><span style=\"color: #222222; font-family: Arial, Helvetica, sans-serif; font-size: small;\">Attila K\u00f6ksal, CFA<\/span><br style=\"color: #222222; font-family: Arial, Helvetica, sans-serif; font-size: small;\"><span style=\"color: #222222; font-family: Arial, Helvetica, sans-serif; font-size: small;\">Ali Per\u015fembe<\/span><br style=\"color: #222222; font-family: Arial, Helvetica, sans-serif; font-size: small;\"><span style=\"color: #222222; font-family: Arial, Helvetica, sans-serif; font-size: small;\">Prof. Dr. Evren Bolg\u00fcn<\/span><br style=\"color: #222222; font-family: Arial, Helvetica, sans-serif; font-size: small;\"><span style=\"color: #222222; font-family: Arial, Helvetica, sans-serif; font-size: small;\">Prof. Dr. Celali Y\u0131lmaz<\/span><br><span style=\"color: #222222; font-family: Arial, Helvetica, sans-serif; font-size: small;\">Prof.Dr. Ula\u015f Ba\u015far Gezgin<\/span><br style=\"color: #222222; font-family: Arial, Helvetica, sans-serif; font-size: small;\"><span style=\"color: #222222; font-family: Arial, Helvetica, sans-serif; font-size: small;\">Do\u00e7. Dr. Ferit Serkan \u00d6ngel<\/span><br style=\"color: #222222; font-family: Arial, Helvetica, sans-serif; font-size: small;\"><span style=\"color: #222222; font-family: Arial, Helvetica, sans-serif; font-size: small;\">Dr. Zeynep Stefan<\/span><br style=\"color: #222222; font-family: Arial, Helvetica, sans-serif; font-size: small;\"><span style=\"color: #222222; font-family: Arial, Helvetica, sans-serif; font-size: small;\">Dr. Kaz\u0131m K\u0131l\u0131n\u00e7<\/span><br style=\"color: #222222; font-family: Arial, Helvetica, sans-serif; font-size: small;\"><span style=\"color: #222222; font-family: Arial, Helvetica, sans-serif; font-size: small;\">Dr. Bar\u0131\u015f Ak\u00e7ay<\/span><br><span style=\"color: #222222; font-family: Arial, Helvetica, sans-serif; font-size: small;\">Do\u00e7. Dr. Aysel G\u00fcndo\u011fdu<\/span><br><span style=\"color: #222222; font-family: Arial, Helvetica, sans-serif; font-size: small;\">Do\u00e7. Dr. Zeliha Tekin<\/span><br style=\"color: #222222; font-family: Arial, Helvetica, sans-serif; font-size: small;\"><span style=\"color: #222222; font-family: Arial, Helvetica, sans-serif; font-size: small;\">Fabrizio Casaretto<\/span><br style=\"color: #222222; font-family: Arial, Helvetica, sans-serif; font-size: small;\"><span style=\"color: #222222; font-family: Arial, Helvetica, sans-serif; font-size: small;\">Abdurrahman Y\u0131ld\u0131r\u0131m<br><\/span><span style=\"color: #222222; font-family: Arial, Helvetica, sans-serif; font-size: small;\">Ender Y\u0131lmaz<br><\/span><\/p>\t\t\t\t\t\t\t\t<\/div>\n\t\t\t\t<\/div>\n\t\t\t\t\t<\/div>\n\t\t<\/div>\n\t\t\t\t\t<\/div>\n\t\t<\/section>\n\t\t\t\t<\/div>","protected":false},"excerpt":{"rendered":"<p>SahibiNovel Scala Bas\u0131l\u0131 Yay\u0131n A.\u015e. Ad\u0131naO. Hakan FeyyatSorumlu Yaz\u0131 \u0130\u015fleri M\u00fcd\u00fcr\u00fcDan\u0131\u015fma \/ Hakem Kurulu Ba\u015fkan\u0131Prof. Dr. Mehmet Emin KaraarslanYay\u0131n Kurulu Ba\u015fkan\u0131Osman \u015eenkulRedaksiyonCengiz AyvazYay\u0131n Kurulu \u00dcyeleri Canan FeyyatHalim \u00c7\u00fcnAttila K\u00f6ksal, CFAAli Per\u015fembeProf. Dr. Evren Bolg\u00fcnProf. Dr. Celali Y\u0131lmazProf.Dr. Ula\u015f Ba\u015far GezginDo\u00e7. Dr. Ferit Serkan \u00d6ngelDr. Zeynep StefanDr. Kaz\u0131m K\u0131l\u0131n\u00e7Dr. Bar\u0131\u015f Ak\u00e7ayDo\u00e7. Dr. Aysel G\u00fcndo\u011fduDo\u00e7. Dr. Zeliha [&hellip;]<\/p>","protected":false},"author":1,"featured_media":0,"parent":0,"menu_order":0,"comment_status":"closed","ping_status":"closed","template":"","meta":{"site-sidebar-layout":"default","site-content-layout":"","ast-site-content-layout":"default","site-content-style":"default","site-sidebar-style":"default","ast-global-header-display":"","ast-banner-title-visibility":"","ast-main-header-display":"","ast-hfb-above-header-display":"","ast-hfb-below-header-display":"","ast-hfb-mobile-header-display":"","site-post-title":"","ast-breadcrumbs-content":"","ast-featured-img":"","footer-sml-layout":"","theme-transparent-header-meta":"","adv-header-id-meta":"","stick-header-meta":"","header-above-stick-meta":"","header-main-stick-meta":"","header-below-stick-meta":"","astra-migrate-meta-layouts":"default","ast-page-background-enabled":"default","ast-page-background-meta":{"desktop":{"background-color":"var(--ast-global-color-4)","background-image":"","background-repeat":"repeat","background-position":"center center","background-size":"auto","background-attachment":"scroll","background-type":"","background-media":"","overlay-type":"","overlay-color":"","overlay-opacity":"","overlay-gradient":""},"tablet":{"background-color":"","background-image":"","background-repeat":"repeat","background-position":"center center","background-size":"auto","background-attachment":"scroll","background-type":"","background-media":"","overlay-type":"","overlay-color":"","overlay-opacity":"","overlay-gradient":""},"mobile":{"background-color":"","background-image":"","background-repeat":"repeat","background-position":"center center","background-size":"auto","background-attachment":"scroll","background-type":"","background-media":"","overlay-type":"","overlay-color":"","overlay-opacity":"","overlay-gradient":""}},"ast-content-background-meta":{"desktop":{"background-color":"var(--ast-global-color-5)","background-image":"","background-repeat":"repeat","background-position":"center center","background-size":"auto","background-attachment":"scroll","background-type":"","background-media":"","overlay-type":"","overlay-color":"","overlay-opacity":"","overlay-gradient":""},"tablet":{"background-color":"var(--ast-global-color-5)","background-image":"","background-repeat":"repeat","background-position":"center center","background-size":"auto","background-attachment":"scroll","background-type":"","background-media":"","overlay-type":"","overlay-color":"","overlay-opacity":"","overlay-gradient":""},"mobile":{"background-color":"var(--ast-global-color-5)","background-image":"","background-repeat":"repeat","background-position":"center center","background-size":"auto","background-attachment":"scroll","background-type":"","background-media":"","overlay-type":"","overlay-color":"","overlay-opacity":"","overlay-gradient":""}},"footnotes":""},"class_list":["post-1057","page","type-page","status-publish","hentry"],"aioseo_notices":[],"_links":{"self":[{"href":"https:\/\/scalacampus.com\/en\/wp-json\/wp\/v2\/pages\/1057","targetHints":{"allow":["GET"]}}],"collection":[{"href":"https:\/\/scalacampus.com\/en\/wp-json\/wp\/v2\/pages"}],"about":[{"href":"https:\/\/scalacampus.com\/en\/wp-json\/wp\/v2\/types\/page"}],"author":[{"embeddable":true,"href":"https:\/\/scalacampus.com\/en\/wp-json\/wp\/v2\/users\/1"}],"replies":[{"embeddable":true,"href":"https:\/\/scalacampus.com\/en\/wp-json\/wp\/v2\/comments?post=1057"}],"version-history":[{"count":64,"href":"https:\/\/scalacampus.com\/en\/wp-json\/wp\/v2\/pages\/1057\/revisions"}],"predecessor-version":[{"id":7906,"href":"https:\/\/scalacampus.com\/en\/wp-json\/wp\/v2\/pages\/1057\/revisions\/7906"}],"wp:attachment":[{"href":"https:\/\/scalacampus.com\/en\/wp-json\/wp\/v2\/media?parent=1057"}],"curies":[{"name":"wp","href":"https:\/\/api.w.org\/{rel}","templated":true}]}}