{"id":1066,"date":"2022-10-23T22:28:51","date_gmt":"2022-10-23T22:28:51","guid":{"rendered":"https:\/\/scalakampus.com\/?page_id=1066"},"modified":"2022-10-23T22:28:51","modified_gmt":"2022-10-23T22:28:51","slug":"yayin-etigi-ve-ilkeleri","status":"publish","type":"page","link":"https:\/\/scalacampus.com\/en\/yayin-etigi-ve-ilkeleri\/","title":{"rendered":"Yay\u0131n Eti\u011fi ve \u0130lkeleri"},"content":{"rendered":"<ul class=\"wp-block-list\"><li> Bu dergide g\u00f6nderilen bilimsel yaz\u0131larda, ba\u015fta COPE (Committee on Publication\u00a0Ethics), TUBA ve T\u00dcB\u0130TAK olmak \u00fczere edit\u00f6r ve yazarlar i\u00e7in ulusal ve uluslararas\u0131 standartlar dikkate al\u0131nmaktad\u0131r. Dergide bu stardartlara uyan yaz\u0131lar yay\u0131nlan\u0131r.<\/li><li>Anket, m\u00fclakat, odak grup \u00e7al\u0131\u015fmas\u0131, g\u00f6zlem, deney, g\u00f6r\u00fc\u015fme teknikleri kullan\u0131larak\u00a0kat\u0131l\u0131mc\u0131lardan veri toplanmas\u0131n\u0131 gerektiren nitel veya nicel yakla\u015f\u0131mlarla y\u00fcr\u00fct\u00fclen her\u00a0t\u00fcrl\u00fc ara\u015ft\u0131rmalar ile ki\u015fisel verilerin korunmas\u0131 kanunu gere\u011fince retrospektif\u00a0\u00e7al\u0131\u015fmalar etik kurul izni gerektiren \u00e7al\u0131\u015fmalar kapsam\u0131ndad\u0131r.<\/li><li>Etik kurul izni gerektiren \u00e7al\u0131\u015fmalarda, izinle ilgili bilgiler (kurul ad\u0131, tarih ve say\u0131 no)\u00a0y\u00f6ntem b\u00f6l\u00fcm\u00fcnde ve ayr\u0131ca makale ilk\/son sayfas\u0131nda yer verilmelidir. Olgu\u00a0sunumlar\u0131nda, bilgilendirilmi\u015f g\u00f6n\u00fcll\u00fc olur\/onam formunun imzalat\u0131ld\u0131\u011f\u0131na dair bilgiye\u00a0makalede yer verilmesi gereklidir. Kullan\u0131lan fikir ve sanat eserleri i\u00e7in telif haklar\u0131\u00a0d\u00fczenlemelerine riayet edilmesi gerekmektedir.<\/li><li>De\u011ferlendirme s\u00fcrecinde akademik ve etik ilkelere uygunsuzluk tespit edilirse\u00a0\u00e7al\u0131\u015fmalar\u0131n, de\u011ferlendirme s\u00fcreci derhal durdurularak ve gerek\u00e7eleri ile birlikte\u00a0\u00e7al\u0131\u015fma yazar(lar)\u0131na iade edilir.<\/li><li>Dergi Yay\u0131n Kurulu, Sorumlu Yaz\u0131 \u0130\u015fleri M\u00fcd\u00fcr\u00fc ve Dergi Yay\u0131n Sekretaryas\u0131 dergiye\u00a0sunulan t\u00fcm \u00e7al\u0131\u015fmalar\u0131n yay\u0131nlanmas\u0131na kadar gizlilik ve mahremiyetini sa\u011flamakla\u00a0y\u00fck\u00fcml\u00fcd\u00fcr. S\u00fcre\u00e7 boyunca \u00e7al\u0131\u015fmalara li\u015fkin sadece ilgili yazar(lar)a bilgi verilir.<\/li><li>Dergide de\u011ferlendirmeye al\u0131nan \u00e7al\u0131\u015fmalar, \u00e7ift k\u00f6r hakem sistemi ile de\u011ferlendirililr.\u00a0Hakem de\u011ferlendirmeleri aras\u0131nda \u00e7eli\u015fen durumlarda veya yetersiz olmas\u0131 halinde\u00a0Yay\u0131n Kurulu 3. bir hakem g\u00f6r\u00fc\u015f\u00fcne ba\u015fvurabilir.<\/li><li>Hakemler de\u011ferlendirmelerini yaparken etik ilkelere riayet etmekle y\u00fck\u00fcml\u00fcd\u00fcr.<\/li><li>Hakemler, de\u011ferlendirmelerini objektif yapmal\u0131 ve de\u011ferlendirmelerinin yazar(lar)a\u00a0y\u00f6nelik ki\u015fisel ele\u015ftirilerden ka\u00e7\u0131nmal\u0131 ve oda\u011f\u0131na de\u011ferlendirmeye s\u00f6z konusu olan\u00a0\u00e7al\u0131\u015fmay\u0131 almal\u0131d\u0131r.<\/li><li>Dergide yay\u0131mlanacak \u00e7al\u0131\u015fmalarla ilgili nihai karar Yay\u0131n Kuruluna aittir. Dergi,\u00a0yay\u0131mlanmayan \u00e7al\u0131\u015fmalar\u0131n yazarlar\u0131na gerek\u00e7e sunmak zorunda de\u011fildir.<\/li><li>Yazarlar\u0131n, \u00e7al\u0131\u015fmalar\u0131n\u0131n ayn\u0131s\u0131n\u0131 ya da benzer bir ara\u015ft\u0131rmay\u0131 birden fazla dergiye\u00a0sunmalar\u0131 etik de\u011fildir. Tespiti durumunda \u00e7al\u0131\u015fma reddedilecektir.<\/li><\/ul>","protected":false},"excerpt":{"rendered":"<p>Bu dergide g\u00f6nderilen bilimsel yaz\u0131larda, ba\u015fta COPE (Committee on Publication\u00a0Ethics), TUBA ve T\u00dcB\u0130TAK olmak \u00fczere edit\u00f6r ve yazarlar i\u00e7in ulusal ve uluslararas\u0131 standartlar dikkate al\u0131nmaktad\u0131r. Dergide bu stardartlara uyan yaz\u0131lar yay\u0131nlan\u0131r. Anket, m\u00fclakat, odak grup \u00e7al\u0131\u015fmas\u0131, g\u00f6zlem, deney, g\u00f6r\u00fc\u015fme teknikleri kullan\u0131larak\u00a0kat\u0131l\u0131mc\u0131lardan veri toplanmas\u0131n\u0131 gerektiren nitel veya nicel yakla\u015f\u0131mlarla y\u00fcr\u00fct\u00fclen her\u00a0t\u00fcrl\u00fc ara\u015ft\u0131rmalar ile ki\u015fisel verilerin korunmas\u0131 [&hellip;]<\/p>","protected":false},"author":1,"featured_media":0,"parent":0,"menu_order":0,"comment_status":"closed","ping_status":"closed","template":"","meta":{"site-sidebar-layout":"default","site-content-layout":"","ast-site-content-layout":"default","site-content-style":"default","site-sidebar-style":"default","ast-global-header-display":"","ast-banner-title-visibility":"","ast-main-header-display":"","ast-hfb-above-header-display":"","ast-hfb-below-header-display":"","ast-hfb-mobile-header-display":"","site-post-title":"","ast-breadcrumbs-content":"","ast-featured-img":"","footer-sml-layout":"","theme-transparent-header-meta":"","adv-header-id-meta":"","stick-header-meta":"","header-above-stick-meta":"","header-main-stick-meta":"","header-below-stick-meta":"","astra-migrate-meta-layouts":"default","ast-page-background-enabled":"default","ast-page-background-meta":{"desktop":{"background-color":"var(--ast-global-color-4)","background-image":"","background-repeat":"repeat","background-position":"center center","background-size":"auto","background-attachment":"scroll","background-type":"","background-media":"","overlay-type":"","overlay-color":"","overlay-opacity":"","overlay-gradient":""},"tablet":{"background-color":"","background-image":"","background-repeat":"repeat","background-position":"center center","background-size":"auto","background-attachment":"scroll","background-type":"","background-media":"","overlay-type":"","overlay-color":"","overlay-opacity":"","overlay-gradient":""},"mobile":{"background-color":"","background-image":"","background-repeat":"repeat","background-position":"center center","background-size":"auto","background-attachment":"scroll","background-type":"","background-media":"","overlay-type":"","overlay-color":"","overlay-opacity":"","overlay-gradient":""}},"ast-content-background-meta":{"desktop":{"background-color":"var(--ast-global-color-5)","background-image":"","background-repeat":"repeat","background-position":"center center","background-size":"auto","background-attachment":"scroll","background-type":"","background-media":"","overlay-type":"","overlay-color":"","overlay-opacity":"","overlay-gradient":""},"tablet":{"background-color":"var(--ast-global-color-5)","background-image":"","background-repeat":"repeat","background-position":"center center","background-size":"auto","background-attachment":"scroll","background-type":"","background-media":"","overlay-type":"","overlay-color":"","overlay-opacity":"","overlay-gradient":""},"mobile":{"background-color":"var(--ast-global-color-5)","background-image":"","background-repeat":"repeat","background-position":"center center","background-size":"auto","background-attachment":"scroll","background-type":"","background-media":"","overlay-type":"","overlay-color":"","overlay-opacity":"","overlay-gradient":""}},"footnotes":""},"class_list":["post-1066","page","type-page","status-publish","hentry"],"aioseo_notices":[],"_links":{"self":[{"href":"https:\/\/scalacampus.com\/en\/wp-json\/wp\/v2\/pages\/1066","targetHints":{"allow":["GET"]}}],"collection":[{"href":"https:\/\/scalacampus.com\/en\/wp-json\/wp\/v2\/pages"}],"about":[{"href":"https:\/\/scalacampus.com\/en\/wp-json\/wp\/v2\/types\/page"}],"author":[{"embeddable":true,"href":"https:\/\/scalacampus.com\/en\/wp-json\/wp\/v2\/users\/1"}],"replies":[{"embeddable":true,"href":"https:\/\/scalacampus.com\/en\/wp-json\/wp\/v2\/comments?post=1066"}],"version-history":[{"count":0,"href":"https:\/\/scalacampus.com\/en\/wp-json\/wp\/v2\/pages\/1066\/revisions"}],"wp:attachment":[{"href":"https:\/\/scalacampus.com\/en\/wp-json\/wp\/v2\/media?parent=1066"}],"curies":[{"name":"wp","href":"https:\/\/api.w.org\/{rel}","templated":true}]}}