{"id":1068,"date":"2022-10-23T22:29:40","date_gmt":"2022-10-23T22:29:40","guid":{"rendered":"https:\/\/scalakampus.com\/?page_id=1068"},"modified":"2022-10-23T22:29:40","modified_gmt":"2022-10-23T22:29:40","slug":"yazar-rehberi-ve-degerlendirme-sureci","status":"publish","type":"page","link":"https:\/\/scalacampus.com\/en\/yazar-rehberi-ve-degerlendirme-sureci\/","title":{"rendered":"Yazar Rehberi ve De\u011ferlendirme S\u00fcreci"},"content":{"rendered":"<ul class=\"wp-block-list\"><li> Dergiye sunulan \u00e7al\u0131\u015fmalar, insanlar ya da hayvanlar \u00fczerinde klinik veya deneysel bir\u00a0ara\u015ft\u0131rma i\u00e7eriyorsa etik izinlerle ilgili gerekli bilgileri (kurul ad\u0131, tarih ve say\u0131 numaras\u0131)\u00a0\u00e7al\u0131\u015fma i\u00e7erisinde belirtilmeli ve izin al\u0131nan etik kurul belgesinin maille g\u00f6nderilmesi\u00a0gerekmektedir.<\/li><li>Dergiye sunulan \u00e7al\u0131\u015fmalarla birlikte Telif Haklar\u0131 Devir Formunun da g\u00f6nderilmesi\u00a0gerekmektedir.<\/li><li>Dergiye sunulan \u00e7al\u0131\u015fmalar\u0131n Scala Ekonomi ve Finans Dergisi Yaz\u0131m Kurallar\u0131na\u00a0ve Yay\u0131n Eti\u011fi ve \u0130lkelerine uygun olmas\u0131 gerekmektedir.<\/li><li>Dergiye sunulan \u00e7al\u0131\u015fmalar\u0131n bi\u00e7imsel uygunlu\u011funun sa\u011flanmas\u0131 a\u00e7\u0131s\u0131ndan derginin son say\u0131s\u0131nda yer alan makalelerin kontrol edilmesi ve\/veya makale \u015fablonlar\u0131n\u0131n\u00a0kullan\u0131lmas\u0131 \u00f6nerilmektedir.<\/li><\/ul>\n\n\n\n<figure class=\"wp-block-image size-full\"><img decoding=\"async\" src=\"https:\/\/scalakampus.com\/wp-content\/uploads\/2022\/10\/scalaacademy.jpg\" alt=\"\" class=\"wp-image-1076\"\/><\/figure>","protected":false},"excerpt":{"rendered":"<p>Dergiye sunulan \u00e7al\u0131\u015fmalar, insanlar ya da hayvanlar \u00fczerinde klinik veya deneysel bir\u00a0ara\u015ft\u0131rma i\u00e7eriyorsa etik izinlerle ilgili gerekli bilgileri (kurul ad\u0131, tarih ve say\u0131 numaras\u0131)\u00a0\u00e7al\u0131\u015fma i\u00e7erisinde belirtilmeli ve izin al\u0131nan etik kurul belgesinin maille g\u00f6nderilmesi\u00a0gerekmektedir. Dergiye sunulan \u00e7al\u0131\u015fmalarla birlikte Telif Haklar\u0131 Devir Formunun da g\u00f6nderilmesi\u00a0gerekmektedir. Dergiye sunulan \u00e7al\u0131\u015fmalar\u0131n Scala Ekonomi ve Finans Dergisi Yaz\u0131m Kurallar\u0131na\u00a0ve Yay\u0131n [&hellip;]<\/p>","protected":false},"author":1,"featured_media":0,"parent":0,"menu_order":0,"comment_status":"closed","ping_status":"closed","template":"","meta":{"site-sidebar-layout":"default","site-content-layout":"","ast-site-content-layout":"default","site-content-style":"default","site-sidebar-style":"default","ast-global-header-display":"","ast-banner-title-visibility":"","ast-main-header-display":"","ast-hfb-above-header-display":"","ast-hfb-below-header-display":"","ast-hfb-mobile-header-display":"","site-post-title":"","ast-breadcrumbs-content":"","ast-featured-img":"","footer-sml-layout":"","theme-transparent-header-meta":"","adv-header-id-meta":"","stick-header-meta":"","header-above-stick-meta":"","header-main-stick-meta":"","header-below-stick-meta":"","astra-migrate-meta-layouts":"default","ast-page-background-enabled":"default","ast-page-background-meta":{"desktop":{"background-color":"var(--ast-global-color-4)","background-image":"","background-repeat":"repeat","background-position":"center center","background-size":"auto","background-attachment":"scroll","background-type":"","background-media":"","overlay-type":"","overlay-color":"","overlay-opacity":"","overlay-gradient":""},"tablet":{"background-color":"","background-image":"","background-repeat":"repeat","background-position":"center center","background-size":"auto","background-attachment":"scroll","background-type":"","background-media":"","overlay-type":"","overlay-color":"","overlay-opacity":"","overlay-gradient":""},"mobile":{"background-color":"","background-image":"","background-repeat":"repeat","background-position":"center center","background-size":"auto","background-attachment":"scroll","background-type":"","background-media":"","overlay-type":"","overlay-color":"","overlay-opacity":"","overlay-gradient":""}},"ast-content-background-meta":{"desktop":{"background-color":"var(--ast-global-color-5)","background-image":"","background-repeat":"repeat","background-position":"center center","background-size":"auto","background-attachment":"scroll","background-type":"","background-media":"","overlay-type":"","overlay-color":"","overlay-opacity":"","overlay-gradient":""},"tablet":{"background-color":"var(--ast-global-color-5)","background-image":"","background-repeat":"repeat","background-position":"center center","background-size":"auto","background-attachment":"scroll","background-type":"","background-media":"","overlay-type":"","overlay-color":"","overlay-opacity":"","overlay-gradient":""},"mobile":{"background-color":"var(--ast-global-color-5)","background-image":"","background-repeat":"repeat","background-position":"center center","background-size":"auto","background-attachment":"scroll","background-type":"","background-media":"","overlay-type":"","overlay-color":"","overlay-opacity":"","overlay-gradient":""}},"footnotes":""},"class_list":["post-1068","page","type-page","status-publish","hentry"],"aioseo_notices":[],"_links":{"self":[{"href":"https:\/\/scalacampus.com\/en\/wp-json\/wp\/v2\/pages\/1068","targetHints":{"allow":["GET"]}}],"collection":[{"href":"https:\/\/scalacampus.com\/en\/wp-json\/wp\/v2\/pages"}],"about":[{"href":"https:\/\/scalacampus.com\/en\/wp-json\/wp\/v2\/types\/page"}],"author":[{"embeddable":true,"href":"https:\/\/scalacampus.com\/en\/wp-json\/wp\/v2\/users\/1"}],"replies":[{"embeddable":true,"href":"https:\/\/scalacampus.com\/en\/wp-json\/wp\/v2\/comments?post=1068"}],"version-history":[{"count":0,"href":"https:\/\/scalacampus.com\/en\/wp-json\/wp\/v2\/pages\/1068\/revisions"}],"wp:attachment":[{"href":"https:\/\/scalacampus.com\/en\/wp-json\/wp\/v2\/media?parent=1068"}],"curies":[{"name":"wp","href":"https:\/\/api.w.org\/{rel}","templated":true}]}}