{"id":6715,"date":"2022-11-20T15:20:32","date_gmt":"2022-11-20T15:20:32","guid":{"rendered":"https:\/\/scalacampus.com\/?page_id=6715"},"modified":"2025-05-20T20:12:04","modified_gmt":"2025-05-20T20:12:04","slug":"ekibimiz","status":"publish","type":"page","link":"https:\/\/scalacampus.com\/en\/ekibimiz\/","title":{"rendered":"Our Team"},"content":{"rendered":"<div data-elementor-type=\"wp-page\" data-elementor-id=\"6715\" class=\"elementor elementor-6715\">\n\t\t\t\t\t\t<section class=\"elementor-section elementor-top-section elementor-element elementor-element-22e53ed8 elementor-section-boxed elementor-section-height-default elementor-section-height-default\" data-id=\"22e53ed8\" data-element_type=\"section\">\n\t\t\t\t\t\t<div class=\"elementor-container elementor-column-gap-default\">\n\t\t\t\t\t<div class=\"elementor-column elementor-col-100 elementor-top-column elementor-element elementor-element-253c0334\" data-id=\"253c0334\" data-element_type=\"column\">\n\t\t\t<div class=\"elementor-widget-wrap elementor-element-populated\">\n\t\t\t\t\t\t<div class=\"elementor-element elementor-element-64da0a02 elementor-widget elementor-widget-text-editor\" data-id=\"64da0a02\" data-element_type=\"widget\" data-widget_type=\"text-editor.default\">\n\t\t\t\t<div class=\"elementor-widget-container\">\n\t\t\t\t\t\t\t\t\t<div class=\"wp-block-columns\">\n<p><\/p>\n<div class=\"wp-block-column is-layout-flow wp-block-column-is-layout-flow\">\n<p><\/p>\n<figure class=\"wp-block-image aligncenter size-large is-resized\"><img fetchpriority=\"high\" decoding=\"async\" class=\"wp-image-6716\" src=\"https:\/\/scalacampus.com\/wp-content\/uploads\/2022\/11\/Canan-Feyyat-689x1024.jpg\" alt=\"\" width=\"238\" height=\"361\"><p><\/p>\n<figcaption class=\"wp-element-caption\"><strong>Canan Feyyat&nbsp;<\/strong><br>Scala Kurucusu\/Editor&nbsp;<strong><br><\/strong><\/figcaption>\n<\/figure>\n<p><\/p>\n<\/div>\n<p><\/p>\n<p><\/p>\n<div class=\"wp-block-column is-layout-flow wp-block-column-is-layout-flow\">\n<p><\/p>\n<figure class=\"wp-block-image aligncenter size-large is-resized\"><img decoding=\"async\" class=\"wp-image-6717\" src=\"https:\/\/scalacampus.com\/wp-content\/uploads\/2022\/11\/Hakan-Feyyat-727x1024.jpg\" alt=\"\" width=\"238\" height=\"361\"><p><\/p>\n<figcaption class=\"wp-element-caption\"><strong>Hakan Feyyat&nbsp;<\/strong><br>Scala Kurucusu\/Editor&nbsp;&nbsp;&nbsp;&nbsp;<strong><br><\/strong><\/figcaption>\n<\/figure>\n<p><\/p>\n<\/div>\n<p><\/p>\n<\/div>\n<p><!-- \/wp:columns --><\/p>\n<p><!-- wp:columns --><\/p>\n<div class=\"wp-block-columns\">\n<p><!-- wp:column --><\/p>\n<div class=\"wp-block-column\">\n<p><!-- wp:image {\"align\":\"center\",\"id\":7569,\"sizeSlug\":\"full\",\"linkDestination\":\"none\"} --><\/p>\n<figure class=\"wp-block-image aligncenter size-full\"><img decoding=\"async\" width=\"240\" height=\"300\" class=\"wp-image-7569\" src=\"https:\/\/scalacampus.com\/wp-content\/uploads\/2023\/03\/mehmet-4.jpg\" alt=\"\" srcset=\"https:\/\/scalacampus.com\/wp-content\/uploads\/2023\/03\/mehmet-4.jpg 240w, https:\/\/scalacampus.com\/wp-content\/uploads\/2023\/03\/mehmet-4-10x12.jpg 10w\" sizes=\"(max-width: 240px) 100vw, 240px\" \/><p><\/p>\n<figcaption class=\"wp-element-caption\"><strong><strong>Prof. Dr. Mehmet Emin Karaarslan<\/strong> <\/strong><br>Scala Akademi Hakem Kurulu Ba\u015fkan\u0131<\/figcaption>\n<\/figure>\n<p><!-- \/wp:image --><\/p>\n<p><!-- wp:spacer {\"height\":\"1px\"} --><\/p>\n<div class=\"wp-block-spacer\" style=\"height: 1px;\" aria-hidden=\"true\">&nbsp;<\/div>\n<p><!-- \/wp:spacer --><\/p>\n<p><!-- wp:image {\"align\":\"center\",\"id\":6724,\"sizeSlug\":\"medium\",\"linkDestination\":\"none\"} --><\/p>\n<figure class=\"wp-block-image aligncenter size-medium\"><img loading=\"lazy\" decoding=\"async\" width=\"224\" height=\"300\" class=\"wp-image-6724\" src=\"https:\/\/scalacampus.com\/wp-content\/uploads\/2022\/11\/Sinan-Saykan-3-224x300.jpeg\" alt=\"\" srcset=\"https:\/\/scalacampus.com\/wp-content\/uploads\/2022\/11\/Sinan-Saykan-3-224x300.jpeg 224w, https:\/\/scalacampus.com\/wp-content\/uploads\/2022\/11\/Sinan-Saykan-3-765x1024.jpeg 765w, https:\/\/scalacampus.com\/wp-content\/uploads\/2022\/11\/Sinan-Saykan-3-768x1028.jpeg 768w, https:\/\/scalacampus.com\/wp-content\/uploads\/2022\/11\/Sinan-Saykan-3-300x401.jpeg 300w, https:\/\/scalacampus.com\/wp-content\/uploads\/2022\/11\/Sinan-Saykan-3-600x803.jpeg 600w, https:\/\/scalacampus.com\/wp-content\/uploads\/2022\/11\/Sinan-Saykan-3.jpeg 775w\" sizes=\"(max-width: 224px) 100vw, 224px\" \/><p><\/p>\n<figcaption class=\"wp-element-caption\"><strong>Sinan Saykan<\/strong><br>Genel Koordinat\u00f6r<\/figcaption>\n<\/figure>\n<p><!-- \/wp:image --><\/p>\n<\/div>\n<p><!-- \/wp:column --><\/p>\n<p><!-- wp:column --><\/p>\n<div class=\"wp-block-column\">\n<p><!-- wp:image {\"align\":\"center\",\"id\":7193,\"sizeSlug\":\"medium\",\"linkDestination\":\"none\"} --><\/p>\n<figure class=\"wp-block-image aligncenter size-medium\"><img loading=\"lazy\" decoding=\"async\" class=\"alignnone wp-image-7661 size-full\" src=\"https:\/\/scalacampus.com\/wp-content\/uploads\/2023\/03\/ScalaDergiBanner-1.jpg\" alt=\"\" width=\"174\" height=\"183\" srcset=\"https:\/\/scalacampus.com\/wp-content\/uploads\/2023\/03\/ScalaDergiBanner-1.jpg 174w, https:\/\/scalacampus.com\/wp-content\/uploads\/2023\/03\/ScalaDergiBanner-1-11x12.jpg 11w\" sizes=\"(max-width: 174px) 100vw, 174px\" \/><p><\/p>\n<figcaption class=\"wp-element-caption\">&nbsp;<\/figcaption>\n<figcaption class=\"wp-element-caption\"><span style=\"font-style: inherit; font-weight: inherit;\">&nbsp;<\/span><\/figcaption>\n<figcaption class=\"wp-element-caption\"><span style=\"font-style: inherit; font-weight: inherit;\">Sorumlu Yaz\u0131 \u0130\u015fleri M\u00fcd\u00fcr\u00fc<p><\/p>\n<p><\/p><\/span><\/figcaption>\n<figcaption class=\"wp-element-caption\"><\/figcaption>\n<figcaption class=\"wp-element-caption\"><\/figcaption>\n<figcaption class=\"wp-element-caption\"><\/figcaption>\n<\/figure>\n<p><!-- \/wp:image --><\/p>\n<p><!-- wp:image {\"align\":\"center\",\"id\":6877,\"sizeSlug\":\"medium\",\"linkDestination\":\"none\"} --><\/p>\n<figure class=\"wp-block-image aligncenter size-medium\"><img loading=\"lazy\" decoding=\"async\" class=\"alignnone wp-image-6740 size-medium\" src=\"https:\/\/scalacampus.com\/wp-content\/uploads\/2022\/11\/Ilayda-Ari-2-222x300.jpg\" alt=\"\" width=\"222\" height=\"300\" srcset=\"https:\/\/scalacampus.com\/wp-content\/uploads\/2022\/11\/Ilayda-Ari-2-222x300.jpg 222w, https:\/\/scalacampus.com\/wp-content\/uploads\/2022\/11\/Ilayda-Ari-2-300x405.jpg 300w, https:\/\/scalacampus.com\/wp-content\/uploads\/2022\/11\/Ilayda-Ari-2-600x810.jpg 600w, https:\/\/scalacampus.com\/wp-content\/uploads\/2022\/11\/Ilayda-Ari-2.jpg 667w\" sizes=\"(max-width: 222px) 100vw, 222px\" \/><p><\/p>\n<figcaption class=\"wp-element-caption\"><strong>\u0130layda Ar\u0131<\/strong><br>Dijital Pazarlama<\/figcaption>\n<\/figure>\n<p><!-- \/wp:image --><\/p>\n<\/div>\n<p><!-- \/wp:column --><\/p>\n<p><!-- wp:column --><\/p>\n<div class=\"wp-block-column\">\n<p><!-- wp:image {\"align\":\"center\",\"id\":6869,\"sizeSlug\":\"medium\",\"linkDestination\":\"none\"} --><\/p>\n<figure class=\"wp-block-image aligncenter size-medium\"><img loading=\"lazy\" decoding=\"async\" width=\"200\" height=\"300\" class=\"wp-image-6869\" src=\"https:\/\/scalacampus.com\/wp-content\/uploads\/2022\/11\/IMG_3921-200x300.jpg\" alt=\"\" srcset=\"https:\/\/scalacampus.com\/wp-content\/uploads\/2022\/11\/IMG_3921-200x300.jpg 200w, https:\/\/scalacampus.com\/wp-content\/uploads\/2022\/11\/IMG_3921-683x1024.jpg 683w, https:\/\/scalacampus.com\/wp-content\/uploads\/2022\/11\/IMG_3921-768x1152.jpg 768w, https:\/\/scalacampus.com\/wp-content\/uploads\/2022\/11\/IMG_3921-1024x1536.jpg 1024w, https:\/\/scalacampus.com\/wp-content\/uploads\/2022\/11\/IMG_3921-1365x2048.jpg 1365w, https:\/\/scalacampus.com\/wp-content\/uploads\/2022\/11\/IMG_3921-8x12.jpg 8w, https:\/\/scalacampus.com\/wp-content\/uploads\/2022\/11\/IMG_3921-300x450.jpg 300w, https:\/\/scalacampus.com\/wp-content\/uploads\/2022\/11\/IMG_3921-850x1275.jpg 850w, https:\/\/scalacampus.com\/wp-content\/uploads\/2022\/11\/IMG_3921-600x900.jpg 600w, https:\/\/scalacampus.com\/wp-content\/uploads\/2022\/11\/IMG_3921-scaled.jpg 1707w\" sizes=\"(max-width: 200px) 100vw, 200px\" \/><p><\/p>\n<figcaption class=\"wp-element-caption\"><strong>Osman \u015eenkul <\/strong><br>Yay\u0131n Kurulu Ba\u015fkan\u0131<\/figcaption>\n<\/figure>\n<p><!-- \/wp:image --><\/p>\n<p><!-- wp:spacer {\"height\":\"32px\"} --><\/p>\n<div class=\"wp-block-spacer\" style=\"height: 32px;\" aria-hidden=\"true\">&nbsp;<\/div>\n<p><!-- \/wp:spacer --><\/p>\n<p><!-- wp:columns --><\/p>\n<div class=\"wp-block-columns\">\n<p><!-- wp:column --><\/p>\n<div class=\"wp-block-column\">\n<p><!-- wp:image {\"align\":\"center\",\"id\":7192,\"sizeSlug\":\"medium\",\"linkDestination\":\"none\"} --><\/p>\n<figure class=\"wp-block-image aligncenter size-medium\"><img loading=\"lazy\" decoding=\"async\" class=\"alignnone wp-image-7663 size-full\" src=\"https:\/\/scalacampus.com\/wp-content\/uploads\/2023\/03\/ScalaDergiBanner-1-1.jpg\" alt=\"\" width=\"174\" height=\"183\" srcset=\"https:\/\/scalacampus.com\/wp-content\/uploads\/2023\/03\/ScalaDergiBanner-1-1.jpg 174w, https:\/\/scalacampus.com\/wp-content\/uploads\/2023\/03\/ScalaDergiBanner-1-1-11x12.jpg 11w\" sizes=\"(max-width: 174px) 100vw, 174px\" \/><p><\/p>\n<figcaption class=\"wp-element-caption\"><br><\/figcaption><figcaption class=\"wp-element-caption\"><br><\/figcaption><figcaption class=\"wp-element-caption\"><span style=\"font-style: inherit; font-weight: inherit;\">Edit\u00f6r<\/span><\/figcaption>\n<\/figure>\n<p><!-- \/wp:image --><\/p>\n<\/div>\n<p><!-- \/wp:column --><\/p>\n<\/div>\n<p><!-- \/wp:columns --><\/p>\n<\/div>\n<p><!-- \/wp:column --><\/p>\n<\/div>\n<p><!-- \/wp:columns --><\/p>\n<p><!-- wp:columns --><\/p>\n<div class=\"wp-block-columns\">\n<p><!-- wp:column --><\/p>\n<div class=\"wp-block-column\">\n<p><!-- wp:image {\"align\":\"center\",\"id\":6727,\"width\":278,\"height\":300,\"sizeSlug\":\"medium\",\"linkDestination\":\"none\"} --><\/p>\n<figure class=\"wp-block-image aligncenter size-medium is-resized\"><img loading=\"lazy\" decoding=\"async\" class=\"wp-image-6727\" src=\"https:\/\/scalacampus.com\/wp-content\/uploads\/2022\/11\/Emre-Boz-1-278x300.jpg\" alt=\"\" width=\"278\" height=\"300\"><p><\/p>\n<figcaption class=\"wp-element-caption\"><strong>Emre Boz<\/strong><br>Finans Y\u00f6netimi\/CFO&nbsp;<\/figcaption>\n<\/figure>\n<p><!-- \/wp:image --><\/p>\n<p><!-- wp:image {\"align\":\"center\",\"id\":6733,\"sizeSlug\":\"medium\",\"linkDestination\":\"none\"} --><\/p>\n<figure class=\"wp-block-image aligncenter size-medium\"><img loading=\"lazy\" decoding=\"async\" width=\"244\" height=\"300\" class=\"wp-image-6733\" src=\"https:\/\/scalacampus.com\/wp-content\/uploads\/2022\/11\/Sibel-Ilkin-Ucuran-244x300.jpg\" alt=\"\" srcset=\"https:\/\/scalacampus.com\/wp-content\/uploads\/2022\/11\/Sibel-Ilkin-Ucuran-244x300.jpg 244w, https:\/\/scalacampus.com\/wp-content\/uploads\/2022\/11\/Sibel-Ilkin-Ucuran.jpg 294w\" sizes=\"(max-width: 244px) 100vw, 244px\" \/><p><\/p>\n<figcaption class=\"wp-element-caption\"><strong>Sibel \u0130lkin U\u00e7uran<\/strong><br>Grafik Tasar\u0131m<\/figcaption>\n<\/figure>\n<p><!-- \/wp:image --><\/p>\n<p><!-- wp:image {\"align\":\"center\",\"id\":6742,\"sizeSlug\":\"medium\",\"linkDestination\":\"none\"} --><\/p>\n<figure class=\"wp-block-image aligncenter size-medium\"><img loading=\"lazy\" decoding=\"async\" width=\"210\" height=\"300\" class=\"wp-image-6742\" src=\"https:\/\/scalacampus.com\/wp-content\/uploads\/2022\/11\/Kemal-Okur-2-210x300.jpg\" alt=\"\" srcset=\"https:\/\/scalacampus.com\/wp-content\/uploads\/2022\/11\/Kemal-Okur-2-210x300.jpg 210w, https:\/\/scalacampus.com\/wp-content\/uploads\/2022\/11\/Kemal-Okur-2-300x429.jpg 300w, https:\/\/scalacampus.com\/wp-content\/uploads\/2022\/11\/Kemal-Okur-2.jpg 545w\" sizes=\"(max-width: 210px) 100vw, 210px\" \/><p><\/p>\n<figcaption class=\"wp-element-caption\"><strong>Kemal Okur<\/strong>&nbsp;<br>Teknik Y\u00f6netim&nbsp;&nbsp; &nbsp;<\/figcaption>\n<\/figure>\n<p><!-- \/wp:image --><\/p>\n<\/div>\n<p><!-- \/wp:column --><\/p>\n<p><!-- wp:column --><\/p>\n<div class=\"wp-block-column\">\n<p><!-- wp:image {\"align\":\"center\",\"id\":6740,\"sizeSlug\":\"medium\",\"linkDestination\":\"none\"} --><\/p>\n<figure class=\"wp-block-image aligncenter size-medium\"><img loading=\"lazy\" decoding=\"async\" class=\"alignnone wp-image-7253 size-medium\" src=\"https:\/\/scalacampus.com\/wp-content\/uploads\/2023\/02\/IMG-3554-1-191x300.jpg\" alt=\"\" width=\"191\" height=\"300\" srcset=\"https:\/\/scalacampus.com\/wp-content\/uploads\/2023\/02\/IMG-3554-1-191x300.jpg 191w, https:\/\/scalacampus.com\/wp-content\/uploads\/2023\/02\/IMG-3554-1-652x1024.jpg 652w, https:\/\/scalacampus.com\/wp-content\/uploads\/2023\/02\/IMG-3554-1-768x1206.jpg 768w, https:\/\/scalacampus.com\/wp-content\/uploads\/2023\/02\/IMG-3554-1-978x1536.jpg 978w, https:\/\/scalacampus.com\/wp-content\/uploads\/2023\/02\/IMG-3554-1-1304x2048.jpg 1304w, https:\/\/scalacampus.com\/wp-content\/uploads\/2023\/02\/IMG-3554-1-8x12.jpg 8w, https:\/\/scalacampus.com\/wp-content\/uploads\/2023\/02\/IMG-3554-1.jpg 1335w\" sizes=\"(max-width: 191px) 100vw, 191px\" \/><p><\/p>\n<figcaption class=\"wp-element-caption\"><strong>Taylan Ege \u015eenkul <\/strong><br>Dijital Tasar\u0131m<\/figcaption>\n<\/figure>\n<p><!-- \/wp:image --><\/p>\n<p><!-- wp:image {\"align\":\"center\",\"id\":6866,\"sizeSlug\":\"medium\",\"linkDestination\":\"none\"} --><\/p>\n<figure class=\"wp-block-image aligncenter size-medium\"><img loading=\"lazy\" decoding=\"async\" width=\"226\" height=\"300\" class=\"wp-image-6866\" src=\"https:\/\/scalacampus.com\/wp-content\/uploads\/2022\/11\/cen-226x300.jpg\" alt=\"\" srcset=\"https:\/\/scalacampus.com\/wp-content\/uploads\/2022\/11\/cen-226x300.jpg 226w, https:\/\/scalacampus.com\/wp-content\/uploads\/2022\/11\/cen-9x12.jpg 9w, https:\/\/scalacampus.com\/wp-content\/uploads\/2022\/11\/cen-300x398.jpg 300w, https:\/\/scalacampus.com\/wp-content\/uploads\/2022\/11\/cen-600x796.jpg 600w, https:\/\/scalacampus.com\/wp-content\/uploads\/2022\/11\/cen.jpg 684w\" sizes=\"(max-width: 226px) 100vw, 226px\" \/><p><\/p>\n<figcaption class=\"wp-element-caption\"><strong>Cengiz Ayvaz<\/strong>&nbsp;<br>Redaksiyon<\/figcaption>\n<\/figure>\n<p><!-- \/wp:image --><\/p>\n<\/div>\n<p><!-- \/wp:column --><\/p>\n<p><!-- wp:column --><\/p>\n<div class=\"wp-block-column\">\n<p><!-- wp:image {\"align\":\"center\",\"id\":7560,\"sizeSlug\":\"medium\",\"linkDestination\":\"none\"} --><\/p>\n<figure class=\"wp-block-image aligncenter size-medium\"><img loading=\"lazy\" decoding=\"async\" width=\"249\" height=\"300\" class=\"wp-image-7560\" src=\"https:\/\/scalacampus.com\/wp-content\/uploads\/2023\/03\/ceren-249x300.jpg\" alt=\"\" srcset=\"https:\/\/scalacampus.com\/wp-content\/uploads\/2023\/03\/ceren-249x300.jpg 249w, https:\/\/scalacampus.com\/wp-content\/uploads\/2023\/03\/ceren-768x927.jpg 768w, https:\/\/scalacampus.com\/wp-content\/uploads\/2023\/03\/ceren-10x12.jpg 10w, https:\/\/scalacampus.com\/wp-content\/uploads\/2023\/03\/ceren.jpg 828w\" sizes=\"(max-width: 249px) 100vw, 249px\" \/><p><\/p>\n<figcaption class=\"wp-element-caption\"><strong>\u0130kbal Ceren Ka\u00e7ar<\/strong><br>Sekreterya&nbsp;<\/figcaption>\n<\/figure>\n<p><!-- \/wp:image --><\/p>\n<p><!-- wp:image {\"align\":\"center\",\"id\":6738,\"sizeSlug\":\"medium\",\"linkDestination\":\"none\"} --><\/p>\n<figure class=\"wp-block-image aligncenter size-medium\"><img loading=\"lazy\" decoding=\"async\" width=\"217\" height=\"300\" class=\"wp-image-6738\" src=\"https:\/\/scalacampus.com\/wp-content\/uploads\/2022\/11\/Buse-Asci-3-217x300.jpg\" alt=\"\" srcset=\"https:\/\/scalacampus.com\/wp-content\/uploads\/2022\/11\/Buse-Asci-3-217x300.jpg 217w, https:\/\/scalacampus.com\/wp-content\/uploads\/2022\/11\/Buse-Asci-3-741x1024.jpg 741w, https:\/\/scalacampus.com\/wp-content\/uploads\/2022\/11\/Buse-Asci-3-768x1062.jpg 768w, https:\/\/scalacampus.com\/wp-content\/uploads\/2022\/11\/Buse-Asci-3-1111x1536.jpg 1111w, https:\/\/scalacampus.com\/wp-content\/uploads\/2022\/11\/Buse-Asci-3-300x415.jpg 300w, https:\/\/scalacampus.com\/wp-content\/uploads\/2022\/11\/Buse-Asci-3-850x1175.jpg 850w, https:\/\/scalacampus.com\/wp-content\/uploads\/2022\/11\/Buse-Asci-3-600x829.jpg 600w, https:\/\/scalacampus.com\/wp-content\/uploads\/2022\/11\/Buse-Asci-3.jpg 1169w\" sizes=\"(max-width: 217px) 100vw, 217px\" \/><p><\/p>\n<figcaption class=\"wp-element-caption\"><strong>Buse A\u015f\u00e7\u0131<\/strong>&nbsp;<br>Muhasebe&nbsp;<\/figcaption>\n<\/figure>\n<p><!-- \/wp:image --><\/p>\n<\/div>\n<p><!-- \/wp:column --><\/p>\n<\/div>\n<p><!-- \/wp:columns --><\/p>\n<p><!-- wp:columns --><\/p>\n<div class=\"wp-block-columns\">\n<p><!-- wp:column --><\/p>\n<div class=\"wp-block-column\">&nbsp;<\/div>\n<p><!-- \/wp:column --><\/p>\n<\/div>\n<p><!-- \/wp:columns --><\/p>\t\t\t\t\t\t\t\t<\/div>\n\t\t\t\t<\/div>\n\t\t\t\t\t<\/div>\n\t\t<\/div>\n\t\t\t\t\t<\/div>\n\t\t<\/section>\n\t\t\t\t<\/div>","protected":false},"excerpt":{"rendered":"<p>Prof. Dr. Mehmet Emin Karaarslan Scala Akademi Hakem Kurulu Ba\u015fkan\u0131 &nbsp; Sinan SaykanGenel Koordinat\u00f6r &nbsp;&nbsp;Sorumlu Yaz\u0131 \u0130\u015fleri M\u00fcd\u00fcr\u00fc \u0130layda Ar\u0131Dijital Pazarlama Osman \u015eenkul Yay\u0131n Kurulu Ba\u015fkan\u0131 &nbsp; Edit\u00f6r Emre BozFinans Y\u00f6netimi\/CFO&nbsp; Sibel \u0130lkin U\u00e7uranGrafik Tasar\u0131m Kemal Okur&nbsp;Teknik Y\u00f6netim&nbsp;&nbsp; &nbsp; Taylan Ege \u015eenkul Dijital Tasar\u0131m Cengiz Ayvaz&nbsp;Redaksiyon \u0130kbal Ceren Ka\u00e7arSekreterya&nbsp; Buse A\u015f\u00e7\u0131&nbsp;Muhasebe&nbsp; &nbsp;<\/p>","protected":false},"author":1,"featured_media":0,"parent":0,"menu_order":0,"comment_status":"closed","ping_status":"closed","template":"","meta":{"site-sidebar-layout":"default","site-content-layout":"","ast-site-content-layout":"default","site-content-style":"default","site-sidebar-style":"default","ast-global-header-display":"","ast-banner-title-visibility":"","ast-main-header-display":"","ast-hfb-above-header-display":"","ast-hfb-below-header-display":"","ast-hfb-mobile-header-display":"","site-post-title":"","ast-breadcrumbs-content":"","ast-featured-img":"","footer-sml-layout":"","theme-transparent-header-meta":"","adv-header-id-meta":"","stick-header-meta":"","header-above-stick-meta":"","header-main-stick-meta":"","header-below-stick-meta":"","astra-migrate-meta-layouts":"default","ast-page-background-enabled":"default","ast-page-background-meta":{"desktop":{"background-color":"var(--ast-global-color-4)","background-image":"","background-repeat":"repeat","background-position":"center center","background-size":"auto","background-attachment":"scroll","background-type":"","background-media":"","overlay-type":"","overlay-color":"","overlay-opacity":"","overlay-gradient":""},"tablet":{"background-color":"","background-image":"","background-repeat":"repeat","background-position":"center center","background-size":"auto","background-attachment":"scroll","background-type":"","background-media":"","overlay-type":"","overlay-color":"","overlay-opacity":"","overlay-gradient":""},"mobile":{"background-color":"","background-image":"","background-repeat":"repeat","background-position":"center center","background-size":"auto","background-attachment":"scroll","background-type":"","background-media":"","overlay-type":"","overlay-color":"","overlay-opacity":"","overlay-gradient":""}},"ast-content-background-meta":{"desktop":{"background-color":"var(--ast-global-color-5)","background-image":"","background-repeat":"repeat","background-position":"center center","background-size":"auto","background-attachment":"scroll","background-type":"","background-media":"","overlay-type":"","overlay-color":"","overlay-opacity":"","overlay-gradient":""},"tablet":{"background-color":"var(--ast-global-color-5)","background-image":"","background-repeat":"repeat","background-position":"center center","background-size":"auto","background-attachment":"scroll","background-type":"","background-media":"","overlay-type":"","overlay-color":"","overlay-opacity":"","overlay-gradient":""},"mobile":{"background-color":"var(--ast-global-color-5)","background-image":"","background-repeat":"repeat","background-position":"center center","background-size":"auto","background-attachment":"scroll","background-type":"","background-media":"","overlay-type":"","overlay-color":"","overlay-opacity":"","overlay-gradient":""}},"footnotes":""},"class_list":["post-6715","page","type-page","status-publish","hentry"],"aioseo_notices":[],"_links":{"self":[{"href":"https:\/\/scalacampus.com\/en\/wp-json\/wp\/v2\/pages\/6715","targetHints":{"allow":["GET"]}}],"collection":[{"href":"https:\/\/scalacampus.com\/en\/wp-json\/wp\/v2\/pages"}],"about":[{"href":"https:\/\/scalacampus.com\/en\/wp-json\/wp\/v2\/types\/page"}],"author":[{"embeddable":true,"href":"https:\/\/scalacampus.com\/en\/wp-json\/wp\/v2\/users\/1"}],"replies":[{"embeddable":true,"href":"https:\/\/scalacampus.com\/en\/wp-json\/wp\/v2\/comments?post=6715"}],"version-history":[{"count":68,"href":"https:\/\/scalacampus.com\/en\/wp-json\/wp\/v2\/pages\/6715\/revisions"}],"predecessor-version":[{"id":7909,"href":"https:\/\/scalacampus.com\/en\/wp-json\/wp\/v2\/pages\/6715\/revisions\/7909"}],"wp:attachment":[{"href":"https:\/\/scalacampus.com\/en\/wp-json\/wp\/v2\/media?parent=6715"}],"curies":[{"name":"wp","href":"https:\/\/api.w.org\/{rel}","templated":true}]}}