{"id":6748,"date":"2022-11-20T15:55:41","date_gmt":"2022-11-20T15:55:41","guid":{"rendered":"https:\/\/scalacampus.com\/?page_id=6748"},"modified":"2023-12-27T11:18:10","modified_gmt":"2023-12-27T11:18:10","slug":"bilim-kurulu","status":"publish","type":"page","link":"https:\/\/scalacampus.com\/en\/bilim-kurulu\/","title":{"rendered":"SCIENCE BOARD"},"content":{"rendered":"<div data-elementor-type=\"wp-page\" data-elementor-id=\"6748\" class=\"elementor elementor-6748\">\n\t\t\t\t\t\t<section class=\"elementor-section elementor-top-section elementor-element elementor-element-0d4414f elementor-section-boxed elementor-section-height-default elementor-section-height-default\" data-id=\"0d4414f\" data-element_type=\"section\">\n\t\t\t\t\t\t<div class=\"elementor-container elementor-column-gap-default\">\n\t\t\t\t\t<div class=\"elementor-column elementor-col-100 elementor-top-column elementor-element elementor-element-8d4b430\" data-id=\"8d4b430\" data-element_type=\"column\">\n\t\t\t<div class=\"elementor-widget-wrap elementor-element-populated\">\n\t\t\t\t\t\t<div class=\"elementor-element elementor-element-3bd3d06 elementor-position-top elementor-widget elementor-widget-image-box\" data-id=\"3bd3d06\" data-element_type=\"widget\" data-widget_type=\"image-box.default\">\n\t\t\t\t<div class=\"elementor-widget-container\">\n\t\t\t\t\t<div class=\"elementor-image-box-wrapper\"><figure class=\"elementor-image-box-img\"><img fetchpriority=\"high\" decoding=\"async\" width=\"999\" height=\"1048\" src=\"https:\/\/scalacampus.com\/wp-content\/uploads\/2022\/11\/sukru-tekbas.jpg\" class=\"attachment-full size-full wp-image-6751\" alt=\"\" srcset=\"https:\/\/scalacampus.com\/wp-content\/uploads\/2022\/11\/sukru-tekbas.jpg 999w, https:\/\/scalacampus.com\/wp-content\/uploads\/2022\/11\/sukru-tekbas-286x300.jpg 286w, https:\/\/scalacampus.com\/wp-content\/uploads\/2022\/11\/sukru-tekbas-976x1024.jpg 976w, https:\/\/scalacampus.com\/wp-content\/uploads\/2022\/11\/sukru-tekbas-768x806.jpg 768w, https:\/\/scalacampus.com\/wp-content\/uploads\/2022\/11\/sukru-tekbas-300x315.jpg 300w, https:\/\/scalacampus.com\/wp-content\/uploads\/2022\/11\/sukru-tekbas-850x892.jpg 850w, https:\/\/scalacampus.com\/wp-content\/uploads\/2022\/11\/sukru-tekbas-600x629.jpg 600w\" sizes=\"(max-width: 999px) 100vw, 999px\" \/><\/figure><div class=\"elementor-image-box-content\"><h3 class=\"elementor-image-box-title\">B\u0130L\u0130M KURULU BA\u015eKANI<\/h3><p class=\"elementor-image-box-description\"><p class=\"has-text-align-center\" style=\"font-size: 17px;font-style: normal;font-weight: 400;white-space: normal\">Prof. Dr. Mehmet \u015e\u00fckr\u00fc Tekba\u015f --- T\u00fcrk-Alman \u00dcniversitesi \u00d6\u011fretim \u00dcyesi<span style=\"background-color: var(--ast-global-color-5);color: var( --e-global-color-text );font-family: var( --e-global-typography-text-font-family ), Sans-serif;font-style: inherit;font-weight: var( --e-global-typography-text-font-weight );white-space: pre-wrap\"><\/span><\/p><\/p><\/div><\/div>\t\t\t\t<\/div>\n\t\t\t\t<\/div>\n\t\t\t\t\t<\/div>\n\t\t<\/div>\n\t\t\t\t\t<\/div>\n\t\t<\/section>\n\t\t\t\t<section class=\"elementor-section elementor-top-section elementor-element elementor-element-0cca7d1 elementor-section-boxed elementor-section-height-default elementor-section-height-default\" data-id=\"0cca7d1\" data-element_type=\"section\">\n\t\t\t\t\t\t<div class=\"elementor-container elementor-column-gap-default\">\n\t\t\t\t\t<div class=\"elementor-column elementor-col-100 elementor-top-column elementor-element elementor-element-f1c3dda\" data-id=\"f1c3dda\" data-element_type=\"column\">\n\t\t\t<div class=\"elementor-widget-wrap elementor-element-populated\">\n\t\t\t\t\t\t<div class=\"elementor-element elementor-element-0499a8d elementor-widget elementor-widget-text-editor\" data-id=\"0499a8d\" data-element_type=\"widget\" data-widget_type=\"text-editor.default\">\n\t\t\t\t<div class=\"elementor-widget-container\">\n\t\t\t\t\t\t\t\t\t<p><span style=\"color: #000000;\">Prof. Dr. Mehmet \u015e\u00fckr\u00fc Tekba\u015f orta \u00f6\u011frenimini \u0130stanbul Erkek Lisesi\u2019nde, lisans e\u011fitimini \u0130stanbul \u00dcniversitesi \u0130ktisat Fak\u00fcltesi\u2019nde tamamlad\u0131, MBA derecesini Indiana \u00dcniversitesi\u2019nden, doktora derecesini \u0130.\u00dc. \u0130\u015fletme Fak\u00fcltesi\u2019nden ald\u0131, \u0130stanbul \u00dcniversitesi \u0130\u015fletme Fak\u00fcltesi\u2019nde do\u00e7ent ve profes\u00f6r kadrolar\u0131na y\u00fckseltildi.<\/span><\/p><p><span style=\"color: #000000; font-family: var( --e-global-typography-text-font-family ), Sans-serif; font-weight: var( --e-global-typography-text-font-weight ); background-color: var(--ast-global-color-5); font-size: 1rem;\">\u0130stanbul \u00dcniversitesi d\u0131\u015f\u0131nda, \u0130stanbul Teknik \u00dcniversitesi, ABD\u2019de \u00e7e\u015fitli d\u00f6nemlerde Roosevelt, Northeastern ve Suffolk \u00dcniversiteleri\u2019nde \u00f6\u011fretim \u00fcyesi olarak ders verdi. T\u00fcrkiye\u2019de bas\u0131nda sermaye piyasas\u0131 konusunu ilk defa i\u015flemeye ba\u015flad\u0131 ve 1975 y\u0131l\u0131nda Banka ve Ekonomik Yorumlar Dergisi\u2019nde bu konuda bir k\u00f6\u015fe geli\u015ftirerek, ilk hisse senedi endeksini olu\u015fturdu, s\u00f6z konusu dergi ve D\u00fcnya Gazetesi\u2019nde sermaye piyasas\u0131 ile ilgili konularda d\u00fczenli yaz\u0131lar yazd\u0131. Sermaye Piyasas\u0131 Kurulu Ba\u015fkan\u0131 1988-1992 y\u0131llar\u0131 aras\u0131nda olarak g\u00f6rev yapt\u0131, T\u00fcrkiye\u2019de etkin bir sermaye piyasas\u0131 ve kurumlar\u0131n\u0131n olu\u015fturulmas\u0131n\u0131n temellerini att\u0131.\u00a0<\/span><\/p><p><span style=\"color: #000000; font-family: var( --e-global-typography-text-font-family ), Sans-serif; font-weight: var( --e-global-typography-text-font-weight ); background-color: var(--ast-global-color-5); font-size: 1rem;\">Prof. Dr. Mehmet \u015e\u00fckr\u00fc Tekba\u015f, \u0130stanbul \u00dcniversitesi\u2019nde \u0130\u015fletme Fak\u00fcltesi Dekan\u0131, \u0130.\u00dc \u0130\u015fletme \u0130ktisad\u0131 Enstit\u00fcs\u00fc M\u00fcd\u00fcr\u00fc, Uluslararas\u0131 Akademik \u0130li\u015fkiler Kurulu Ba\u015fkan\u0131, kurulu\u015funu ger\u00e7ekle\u015ftirdi\u011fi Sermaye Piyasalar\u0131 Ara\u015ft\u0131rma ve Uygulama Merkezi (SERPAM) M\u00fcd\u00fcr\u00fc olarak hizmette bulundu.\u00a0<\/span><\/p><p><span style=\"color: #000000; font-family: var( --e-global-typography-text-font-family ), Sans-serif; font-weight: var( --e-global-typography-text-font-weight ); background-color: var(--ast-global-color-5); font-size: 1rem;\">\u00dcniversite d\u0131\u015f\u0131nda \u00e7e\u015fitli sanayi kurulu\u015flar\u0131, \u0130stanbul Erkek Liseliler E\u011fitim Vakf\u0131, Danimarka merkezli Garring Vakf\u0131 ve T\u00fcrkiye Sermaye Piyasalar\u0131 Birli\u011fi (TSPB) y\u00f6netim kurullar\u0131nda yer alm\u0131\u015f olan Prof. Dr. Mehmet \u015e\u00fckr\u00fc Tekba\u015f, d\u00fcnyan\u0131n sayg\u0131n ara\u015ft\u0131rma kurumlar\u0131ndan Fraunhofer Enstit\u00fcleri\u2019nden biri olan Dortmund merkezli \u2018Fraunhofer Institut f\u00fcr Materialfluss und Logistik\u2019de uluslararas\u0131 dan\u0131\u015fman olarak \u00e7al\u0131\u015ft\u0131, De\u011fer Menkul De\u011ferler A\u015e ve AKT Uygulamal\u0131 Ara\u015ft\u0131rmalar Merkezi A\u015e\u2019nin kurucu orta\u011f\u0131 oldu.\u00a0<\/span><\/p><p><span style=\"color: #000000; font-family: var( --e-global-typography-text-font-family ), Sans-serif; background-color: var(--ast-global-color-5);\">Halen, T\u00fcrk-Alman \u00dcniversitesi\u2019nde ders veren Prof. Dr. Mehmet \u015e\u00fckr\u00fc Tekba\u015f, T\u00fcrk E\u011fitim Vakf\u0131 (TEV) Y\u00f6netim Kurulu Ba\u015fkanl\u0131\u011f\u0131 ve \u00e7e\u015fitli kurumlarda ba\u011f\u0131ms\u0131z y\u00f6netim kurulu \u00fcyeli\u011fi g\u00f6revlerini de y\u00fcr\u00fct\u00fcyor.<\/span><\/p><p><b>B\u0130L\u0130M KURULU \u00dcYELER\u0130<\/b><\/p><p>Prof. Dr. Mehmet Emin Karaaslan<br \/>Prof. Dr. M. As\u0131m Kara\u00f6merlio\u011flu \u2014 Bogazi\u00e7i \u00dcniversitesi \u00d6\u011fretim \u00dcyesi<br \/>Prof. Dr. Aziz \u00c7elik \u2014 Kocaeli \u00dcniversitesi \u0130ktisadi Ve \u0130dari Bilimler Fak\u00fcltesi, \u00c7al\u0131\u015fma Ekonomisi Ve End\u00fcstri \u0130li\u015fkileri \u00d6\u011fretim \u00dcyesi<br \/>Prof. Dr. Evren Bolg\u00fcn \u2014 Beykoz \u00dcniversitesi \u00d6\u011fretim \u00dcyesi<br \/>Prof. Dr. \u00d6mer Faruk Altun\u00e7 \u2013 Mu\u015f Alparslan \u00dcniversitesi<br \/>Prof. Dr. Ey\u00fcp Sar\u0131ta\u015f<br \/>Prof. Dr. Celali Y\u0131lmaz<br \/>Prof. Dr. Mehmet Baha Karan<br \/>Prof. Dr. Sami Karacan<br \/>Prof. Dr. Celali Y\u0131lmaz<br \/>Do\u00e7. Dr. P\u0131nar G\u00f6kta\u015f \u2013 S\u00fcleyman Demirel \u00dcniversitesi<br \/>Do\u00e7. Dr. Recep Ali K\u00fc\u00e7\u00fck\u00e7olak \u2013 \u0130stanbul Ticaret \u00dcniversitesi<br \/>Do\u00e7. Dr. Ferit Serkan \u00d6ngel \u2014 Gaziantep \u00dcniversitesi \u0130ktisadi ve \u0130dari Bilimler Fak\u00fcltesi \u00d6\u011fretim \u00dcyesi<br \/>Do\u00e7. Dr. Faik G\u00fcr \u2014 \u00d6zye\u011fin \u00dcniversitesi \u00d6\u011fretim \u00dcyesi<br \/>Do\u00e7. Dr. Zeliha Tekin \u2014 Mu\u015f Alparslan \u00dcniversitesi \u0130ktisadi ve \u0130dari Bilimler Fak\u00fcltesi Dekan Yard\u0131mc\u0131s\u0131<br \/>Dr. M. Hakan Ko\u00e7ak \u2014 Kocaeli \u00dcniversitesi \u0130\u0130BF \u00c7al\u0131\u015fma Ekonomisi ve End\u00fcstri \u0130li\u015fkileri B\u00f6l\u00fcm\u00fc \u00d6\u011fretim \u00dcyesi<br \/>Do\u00e7 Dr. Engin Y\u0131lmaz<br \/>Do\u00e7. Dr. Orhan Erdem<br \/>Do\u00e7. Dr. Aysel G\u00fcndo\u011fdu<br \/>Dr. Cengiz Topel Mermer<br \/>Dr. Abidin \u00d6z\u00e7elik<br \/>Dr. M. Bar\u0131\u015f Ak\u00e7ay<br \/>Dr. Kaz\u0131m K\u0131l\u0131n\u00e7<br \/>Dr. Zeynep Stefan<br \/>Dr. Caner \u00d6zdurak<br \/>Dr. Dilek Kurban<br \/>Uzman E\u011fitmen Arzu \u00c7otul<\/p>\t\t\t\t\t\t\t\t<\/div>\n\t\t\t\t<\/div>\n\t\t\t\t\t<\/div>\n\t\t<\/div>\n\t\t\t\t\t<\/div>\n\t\t<\/section>\n\t\t\t\t<\/div>","protected":false},"excerpt":{"rendered":"<p>B\u0130L\u0130M KURULU BA\u015eKANI Prof. Dr. Mehmet \u015e\u00fckr\u00fc Tekba\u015f &#8212; T\u00fcrk-Alman \u00dcniversitesi \u00d6\u011fretim \u00dcyesi Prof. Dr. Mehmet \u015e\u00fckr\u00fc Tekba\u015f orta \u00f6\u011frenimini \u0130stanbul Erkek Lisesi\u2019nde, lisans e\u011fitimini \u0130stanbul \u00dcniversitesi \u0130ktisat Fak\u00fcltesi\u2019nde tamamlad\u0131, MBA derecesini Indiana \u00dcniversitesi\u2019nden, doktora derecesini \u0130.\u00dc. \u0130\u015fletme Fak\u00fcltesi\u2019nden ald\u0131, \u0130stanbul \u00dcniversitesi \u0130\u015fletme Fak\u00fcltesi\u2019nde do\u00e7ent ve profes\u00f6r kadrolar\u0131na y\u00fckseltildi. \u0130stanbul \u00dcniversitesi d\u0131\u015f\u0131nda, \u0130stanbul Teknik \u00dcniversitesi, [&hellip;]<\/p>","protected":false},"author":1,"featured_media":0,"parent":0,"menu_order":0,"comment_status":"closed","ping_status":"closed","template":"","meta":{"site-sidebar-layout":"default","site-content-layout":"","ast-site-content-layout":"default","site-content-style":"default","site-sidebar-style":"default","ast-global-header-display":"","ast-banner-title-visibility":"","ast-main-header-display":"","ast-hfb-above-header-display":"","ast-hfb-below-header-display":"","ast-hfb-mobile-header-display":"","site-post-title":"","ast-breadcrumbs-content":"","ast-featured-img":"","footer-sml-layout":"","theme-transparent-header-meta":"","adv-header-id-meta":"","stick-header-meta":"","header-above-stick-meta":"","header-main-stick-meta":"","header-below-stick-meta":"","astra-migrate-meta-layouts":"default","ast-page-background-enabled":"default","ast-page-background-meta":{"desktop":{"background-color":"var(--ast-global-color-4)","background-image":"","background-repeat":"repeat","background-position":"center center","background-size":"auto","background-attachment":"scroll","background-type":"","background-media":"","overlay-type":"","overlay-color":"","overlay-opacity":"","overlay-gradient":""},"tablet":{"background-color":"","background-image":"","background-repeat":"repeat","background-position":"center center","background-size":"auto","background-attachment":"scroll","background-type":"","background-media":"","overlay-type":"","overlay-color":"","overlay-opacity":"","overlay-gradient":""},"mobile":{"background-color":"","background-image":"","background-repeat":"repeat","background-position":"center center","background-size":"auto","background-attachment":"scroll","background-type":"","background-media":"","overlay-type":"","overlay-color":"","overlay-opacity":"","overlay-gradient":""}},"ast-content-background-meta":{"desktop":{"background-color":"var(--ast-global-color-5)","background-image":"","background-repeat":"repeat","background-position":"center center","background-size":"auto","background-attachment":"scroll","background-type":"","background-media":"","overlay-type":"","overlay-color":"","overlay-opacity":"","overlay-gradient":""},"tablet":{"background-color":"var(--ast-global-color-5)","background-image":"","background-repeat":"repeat","background-position":"center center","background-size":"auto","background-attachment":"scroll","background-type":"","background-media":"","overlay-type":"","overlay-color":"","overlay-opacity":"","overlay-gradient":""},"mobile":{"background-color":"var(--ast-global-color-5)","background-image":"","background-repeat":"repeat","background-position":"center center","background-size":"auto","background-attachment":"scroll","background-type":"","background-media":"","overlay-type":"","overlay-color":"","overlay-opacity":"","overlay-gradient":""}},"footnotes":""},"class_list":["post-6748","page","type-page","status-publish","hentry"],"aioseo_notices":[],"_links":{"self":[{"href":"https:\/\/scalacampus.com\/en\/wp-json\/wp\/v2\/pages\/6748","targetHints":{"allow":["GET"]}}],"collection":[{"href":"https:\/\/scalacampus.com\/en\/wp-json\/wp\/v2\/pages"}],"about":[{"href":"https:\/\/scalacampus.com\/en\/wp-json\/wp\/v2\/types\/page"}],"author":[{"embeddable":true,"href":"https:\/\/scalacampus.com\/en\/wp-json\/wp\/v2\/users\/1"}],"replies":[{"embeddable":true,"href":"https:\/\/scalacampus.com\/en\/wp-json\/wp\/v2\/comments?post=6748"}],"version-history":[{"count":40,"href":"https:\/\/scalacampus.com\/en\/wp-json\/wp\/v2\/pages\/6748\/revisions"}],"predecessor-version":[{"id":7875,"href":"https:\/\/scalacampus.com\/en\/wp-json\/wp\/v2\/pages\/6748\/revisions\/7875"}],"wp:attachment":[{"href":"https:\/\/scalacampus.com\/en\/wp-json\/wp\/v2\/media?parent=6748"}],"curies":[{"name":"wp","href":"https:\/\/api.w.org\/{rel}","templated":true}]}}