{"id":6884,"date":"2022-11-28T11:20:44","date_gmt":"2022-11-28T11:20:44","guid":{"rendered":"https:\/\/scalacampus.com\/?page_id=6884"},"modified":"2023-03-05T00:16:26","modified_gmt":"2023-03-05T00:16:26","slug":"akademik-tercume","status":"publish","type":"page","link":"https:\/\/scalacampus.com\/en\/akademik-tercume\/","title":{"rendered":"ACADEMIC TRANSLATION"},"content":{"rendered":"<div data-elementor-type=\"wp-page\" data-elementor-id=\"6884\" class=\"elementor elementor-6884\">\n\t\t\t\t\t\t<section class=\"elementor-section elementor-top-section elementor-element elementor-element-89e5287 elementor-section-boxed elementor-section-height-default elementor-section-height-default\" data-id=\"89e5287\" data-element_type=\"section\">\n\t\t\t\t\t\t<div class=\"elementor-container elementor-column-gap-default\">\n\t\t\t\t\t<div class=\"elementor-column elementor-col-100 elementor-top-column elementor-element elementor-element-c0c56da\" data-id=\"c0c56da\" data-element_type=\"column\">\n\t\t\t<div class=\"elementor-widget-wrap elementor-element-populated\">\n\t\t\t\t\t\t<div class=\"elementor-element elementor-element-6fba74c elementor-widget elementor-widget-text-editor\" data-id=\"6fba74c\" data-element_type=\"widget\" data-widget_type=\"text-editor.default\">\n\t\t\t\t<div class=\"elementor-widget-container\">\n\t\t\t\t\t\t\t\t\t<p>Ekonomi \u2013 Finans \u2013 Sosyal Bilimler di\u011fer disiplinlerdeki yay\u0131n \u00e7evirileriniz i\u00e7in Scala Akademi g\u00fcvenilir \u00e7\u00f6z\u00fcm orta\u011f\u0131n\u0131z olarak yan\u0131n\u0131zda\u2026<\/p>\t\t\t\t\t\t\t\t<\/div>\n\t\t\t\t<\/div>\n\t\t\t\t\t<\/div>\n\t\t<\/div>\n\t\t\t\t\t<\/div>\n\t\t<\/section>\n\t\t\t\t<section class=\"elementor-section elementor-top-section elementor-element elementor-element-cd01f56 elementor-section-boxed elementor-section-height-default elementor-section-height-default\" data-id=\"cd01f56\" data-element_type=\"section\">\n\t\t\t\t\t\t<div class=\"elementor-container elementor-column-gap-default\">\n\t\t\t\t\t<div class=\"elementor-column elementor-col-50 elementor-top-column elementor-element elementor-element-1bc2277\" data-id=\"1bc2277\" data-element_type=\"column\">\n\t\t\t<div class=\"elementor-widget-wrap elementor-element-populated\">\n\t\t\t\t\t\t<div class=\"elementor-element elementor-element-a130ad0 elementor-widget elementor-widget-image\" data-id=\"a130ad0\" data-element_type=\"widget\" data-widget_type=\"image.default\">\n\t\t\t\t<div class=\"elementor-widget-container\">\n\t\t\t\t\t\t\t\t\t\t\t\t\t\t\t<img fetchpriority=\"high\" decoding=\"async\" width=\"254\" height=\"340\" src=\"https:\/\/scalacampus.com\/wp-content\/uploads\/2023\/01\/akademik-1.png\" class=\"attachment-large size-large wp-image-7102\" alt=\"\" srcset=\"https:\/\/scalacampus.com\/wp-content\/uploads\/2023\/01\/akademik-1.png 254w, https:\/\/scalacampus.com\/wp-content\/uploads\/2023\/01\/akademik-1-224x300.png 224w, https:\/\/scalacampus.com\/wp-content\/uploads\/2023\/01\/akademik-1-9x12.png 9w\" sizes=\"(max-width: 254px) 100vw, 254px\" \/>\t\t\t\t\t\t\t\t\t\t\t\t\t\t\t<\/div>\n\t\t\t\t<\/div>\n\t\t\t\t\t<\/div>\n\t\t<\/div>\n\t\t\t\t<div class=\"elementor-column elementor-col-50 elementor-top-column elementor-element elementor-element-7c2530d\" data-id=\"7c2530d\" data-element_type=\"column\">\n\t\t\t<div class=\"elementor-widget-wrap elementor-element-populated\">\n\t\t\t\t\t\t<div class=\"elementor-element elementor-element-44817ab elementor-widget elementor-widget-text-editor\" data-id=\"44817ab\" data-element_type=\"widget\" data-widget_type=\"text-editor.default\">\n\t\t\t\t<div class=\"elementor-widget-container\">\n\t\t\t\t\t\t\t\t\t<p>Scala Akademi,\u00a0alan\u0131nda uzman terc\u00fcmanlar ve akademik edit\u00f6rler ile ihtiyac\u0131n\u0131z olan dil hizmeti deste\u011fi konusunda uzmanla\u015fm\u0131\u015f bir hizmet sunmaktad\u0131r.<\/p>\n<h5><strong>H\u0130ZMETLER<\/strong><\/h5>\n<ul>\n<li style=\"list-style-type: none;\">\n<ul>\n<li>Kitap Terc\u00fcmesi<\/li>\n<li>Bilimsel Makale Terc\u00fcmesi,<\/li>\n<li>Doktora Tezi Terc\u00fcmesi,<\/li>\n<li>Y\u00fcksek Lisans Tezi Terc\u00fcmesi,<\/li>\n<li>Lisans Bitirme Tezi Terc\u00fcmesi,<\/li>\n<li>Bitirme Projesi Terc\u00fcmesi,\u00a0<\/li>\n<li>Abstract Terc\u00fcmesi (Tez, makale, bildiri vb.),<\/li>\n<\/ul>\n<\/li>\n<\/ul>\t\t\t\t\t\t\t\t<\/div>\n\t\t\t\t<\/div>\n\t\t\t\t\t<\/div>\n\t\t<\/div>\n\t\t\t\t\t<\/div>\n\t\t<\/section>\n\t\t\t\t<\/div>","protected":false},"excerpt":{"rendered":"<p>Ekonomi \u2013 Finans \u2013 Sosyal Bilimler di\u011fer disiplinlerdeki yay\u0131n \u00e7evirileriniz i\u00e7in Scala Akademi g\u00fcvenilir \u00e7\u00f6z\u00fcm orta\u011f\u0131n\u0131z olarak yan\u0131n\u0131zda\u2026 Scala Akademi,\u00a0alan\u0131nda uzman terc\u00fcmanlar ve akademik edit\u00f6rler ile ihtiyac\u0131n\u0131z olan dil hizmeti deste\u011fi konusunda uzmanla\u015fm\u0131\u015f bir hizmet sunmaktad\u0131r. H\u0130ZMETLER Kitap Terc\u00fcmesi Bilimsel Makale Terc\u00fcmesi, Doktora Tezi Terc\u00fcmesi, Y\u00fcksek Lisans Tezi Terc\u00fcmesi, Lisans Bitirme Tezi Terc\u00fcmesi, Bitirme Projesi [&hellip;]<\/p>","protected":false},"author":1,"featured_media":0,"parent":0,"menu_order":0,"comment_status":"closed","ping_status":"closed","template":"","meta":{"site-sidebar-layout":"default","site-content-layout":"","ast-site-content-layout":"default","site-content-style":"default","site-sidebar-style":"default","ast-global-header-display":"","ast-banner-title-visibility":"","ast-main-header-display":"","ast-hfb-above-header-display":"","ast-hfb-below-header-display":"","ast-hfb-mobile-header-display":"","site-post-title":"","ast-breadcrumbs-content":"","ast-featured-img":"","footer-sml-layout":"","theme-transparent-header-meta":"","adv-header-id-meta":"","stick-header-meta":"","header-above-stick-meta":"","header-main-stick-meta":"","header-below-stick-meta":"","astra-migrate-meta-layouts":"default","ast-page-background-enabled":"default","ast-page-background-meta":{"desktop":{"background-color":"var(--ast-global-color-4)","background-image":"","background-repeat":"repeat","background-position":"center center","background-size":"auto","background-attachment":"scroll","background-type":"","background-media":"","overlay-type":"","overlay-color":"","overlay-opacity":"","overlay-gradient":""},"tablet":{"background-color":"","background-image":"","background-repeat":"repeat","background-position":"center center","background-size":"auto","background-attachment":"scroll","background-type":"","background-media":"","overlay-type":"","overlay-color":"","overlay-opacity":"","overlay-gradient":""},"mobile":{"background-color":"","background-image":"","background-repeat":"repeat","background-position":"center center","background-size":"auto","background-attachment":"scroll","background-type":"","background-media":"","overlay-type":"","overlay-color":"","overlay-opacity":"","overlay-gradient":""}},"ast-content-background-meta":{"desktop":{"background-color":"var(--ast-global-color-5)","background-image":"","background-repeat":"repeat","background-position":"center center","background-size":"auto","background-attachment":"scroll","background-type":"","background-media":"","overlay-type":"","overlay-color":"","overlay-opacity":"","overlay-gradient":""},"tablet":{"background-color":"var(--ast-global-color-5)","background-image":"","background-repeat":"repeat","background-position":"center center","background-size":"auto","background-attachment":"scroll","background-type":"","background-media":"","overlay-type":"","overlay-color":"","overlay-opacity":"","overlay-gradient":""},"mobile":{"background-color":"var(--ast-global-color-5)","background-image":"","background-repeat":"repeat","background-position":"center center","background-size":"auto","background-attachment":"scroll","background-type":"","background-media":"","overlay-type":"","overlay-color":"","overlay-opacity":"","overlay-gradient":""}},"footnotes":""},"class_list":["post-6884","page","type-page","status-publish","hentry"],"aioseo_notices":[],"_links":{"self":[{"href":"https:\/\/scalacampus.com\/en\/wp-json\/wp\/v2\/pages\/6884","targetHints":{"allow":["GET"]}}],"collection":[{"href":"https:\/\/scalacampus.com\/en\/wp-json\/wp\/v2\/pages"}],"about":[{"href":"https:\/\/scalacampus.com\/en\/wp-json\/wp\/v2\/types\/page"}],"author":[{"embeddable":true,"href":"https:\/\/scalacampus.com\/en\/wp-json\/wp\/v2\/users\/1"}],"replies":[{"embeddable":true,"href":"https:\/\/scalacampus.com\/en\/wp-json\/wp\/v2\/comments?post=6884"}],"version-history":[{"count":9,"href":"https:\/\/scalacampus.com\/en\/wp-json\/wp\/v2\/pages\/6884\/revisions"}],"predecessor-version":[{"id":7611,"href":"https:\/\/scalacampus.com\/en\/wp-json\/wp\/v2\/pages\/6884\/revisions\/7611"}],"wp:attachment":[{"href":"https:\/\/scalacampus.com\/en\/wp-json\/wp\/v2\/media?parent=6884"}],"curies":[{"name":"wp","href":"https:\/\/api.w.org\/{rel}","templated":true}]}}