{"id":6886,"date":"2022-11-28T11:21:30","date_gmt":"2022-11-28T11:21:30","guid":{"rendered":"https:\/\/scalacampus.com\/?page_id=6886"},"modified":"2023-03-05T00:11:34","modified_gmt":"2023-03-05T00:11:34","slug":"proof-reading","status":"publish","type":"page","link":"https:\/\/scalacampus.com\/en\/proof-reading\/","title":{"rendered":"PROOF-READING"},"content":{"rendered":"<div data-elementor-type=\"wp-page\" data-elementor-id=\"6886\" class=\"elementor elementor-6886\">\n\t\t\t\t\t\t<section class=\"elementor-section elementor-top-section elementor-element elementor-element-9db70d6 elementor-section-boxed elementor-section-height-default elementor-section-height-default\" data-id=\"9db70d6\" data-element_type=\"section\">\n\t\t\t\t\t\t<div class=\"elementor-container elementor-column-gap-default\">\n\t\t\t\t\t<div class=\"elementor-column elementor-col-100 elementor-top-column elementor-element elementor-element-b0fc11a\" data-id=\"b0fc11a\" data-element_type=\"column\">\n\t\t\t<div class=\"elementor-widget-wrap elementor-element-populated\">\n\t\t\t\t\t\t<div class=\"elementor-element elementor-element-96c65a2 elementor-widget elementor-widget-text-editor\" data-id=\"96c65a2\" data-element_type=\"widget\" data-widget_type=\"text-editor.default\">\n\t\t\t\t<div class=\"elementor-widget-container\">\n\t\t\t\t\t\t\t\t\t<p>\u0130ngilizce Proofreading (English Proofreading),\u00a0metinde noktalama hatalar\u0131 ve yaz\u0131m yanl\u0131\u015flar\u0131n\u0131n d\u00fczeltilmesi (spelling, typos, punctuation, and grammar)\u00a0basit dil bilgisi hatalar\u0131n\u0131n d\u00fczeltildi\u011fi bir edit\u00f6rl\u00fck hizmetidir. Scala Akademi, uzman proofreading edit\u00f6r\u00fc kadrosu ile \u00e7al\u0131\u015fmaktad\u0131r ve proofreading hizmeti veren\u00a0edit\u00f6rlerimiz her iki dile son derece hakim olup, bu konuda deneyimlidirler. Scala Akademi, proofreading hizmetini h\u0131zl\u0131 ve \u00fcst\u00fcn kaliteli hizmet anlay\u0131\u015f\u0131yla sunmaktad\u0131r\u2026<\/p>\t\t\t\t\t\t\t\t<\/div>\n\t\t\t\t<\/div>\n\t\t\t\t\t<\/div>\n\t\t<\/div>\n\t\t\t\t\t<\/div>\n\t\t<\/section>\n\t\t\t\t<section class=\"elementor-section elementor-top-section elementor-element elementor-element-10c8290 elementor-section-boxed elementor-section-height-default elementor-section-height-default\" data-id=\"10c8290\" data-element_type=\"section\">\n\t\t\t\t\t\t<div class=\"elementor-container elementor-column-gap-default\">\n\t\t\t\t\t<div class=\"elementor-column elementor-col-100 elementor-top-column elementor-element elementor-element-11f80b2\" data-id=\"11f80b2\" data-element_type=\"column\">\n\t\t\t<div class=\"elementor-widget-wrap elementor-element-populated\">\n\t\t\t\t\t\t<div class=\"elementor-element elementor-element-c83ce1a elementor-widget elementor-widget-image\" data-id=\"c83ce1a\" data-element_type=\"widget\" data-widget_type=\"image.default\">\n\t\t\t\t<div class=\"elementor-widget-container\">\n\t\t\t\t\t\t\t\t\t\t\t\t\t\t\t<img fetchpriority=\"high\" decoding=\"async\" width=\"668\" height=\"433\" src=\"https:\/\/scalacampus.com\/wp-content\/uploads\/2023\/01\/Untitled.png\" class=\"attachment-medium_large size-medium_large wp-image-7105\" alt=\"\" srcset=\"https:\/\/scalacampus.com\/wp-content\/uploads\/2023\/01\/Untitled.png 668w, https:\/\/scalacampus.com\/wp-content\/uploads\/2023\/01\/Untitled-300x194.png 300w, https:\/\/scalacampus.com\/wp-content\/uploads\/2023\/01\/Untitled-18x12.png 18w\" sizes=\"(max-width: 668px) 100vw, 668px\" \/>\t\t\t\t\t\t\t\t\t\t\t\t\t\t\t<\/div>\n\t\t\t\t<\/div>\n\t\t\t\t\t<\/div>\n\t\t<\/div>\n\t\t\t\t\t<\/div>\n\t\t<\/section>\n\t\t\t\t<\/div>","protected":false},"excerpt":{"rendered":"<p>\u0130ngilizce Proofreading (English Proofreading),\u00a0metinde noktalama hatalar\u0131 ve yaz\u0131m yanl\u0131\u015flar\u0131n\u0131n d\u00fczeltilmesi (spelling, typos, punctuation, and grammar)\u00a0basit dil bilgisi hatalar\u0131n\u0131n d\u00fczeltildi\u011fi bir edit\u00f6rl\u00fck hizmetidir. Scala Akademi, uzman proofreading edit\u00f6r\u00fc kadrosu ile \u00e7al\u0131\u015fmaktad\u0131r ve proofreading hizmeti veren\u00a0edit\u00f6rlerimiz her iki dile son derece hakim olup, bu konuda deneyimlidirler. Scala Akademi, proofreading hizmetini h\u0131zl\u0131 ve \u00fcst\u00fcn kaliteli hizmet anlay\u0131\u015f\u0131yla sunmaktad\u0131r\u2026<\/p>","protected":false},"author":1,"featured_media":0,"parent":0,"menu_order":0,"comment_status":"closed","ping_status":"closed","template":"","meta":{"site-sidebar-layout":"default","site-content-layout":"","ast-site-content-layout":"default","site-content-style":"default","site-sidebar-style":"default","ast-global-header-display":"","ast-banner-title-visibility":"","ast-main-header-display":"","ast-hfb-above-header-display":"","ast-hfb-below-header-display":"","ast-hfb-mobile-header-display":"","site-post-title":"","ast-breadcrumbs-content":"","ast-featured-img":"","footer-sml-layout":"","theme-transparent-header-meta":"","adv-header-id-meta":"","stick-header-meta":"","header-above-stick-meta":"","header-main-stick-meta":"","header-below-stick-meta":"","astra-migrate-meta-layouts":"default","ast-page-background-enabled":"default","ast-page-background-meta":{"desktop":{"background-color":"var(--ast-global-color-4)","background-image":"","background-repeat":"repeat","background-position":"center center","background-size":"auto","background-attachment":"scroll","background-type":"","background-media":"","overlay-type":"","overlay-color":"","overlay-opacity":"","overlay-gradient":""},"tablet":{"background-color":"","background-image":"","background-repeat":"repeat","background-position":"center center","background-size":"auto","background-attachment":"scroll","background-type":"","background-media":"","overlay-type":"","overlay-color":"","overlay-opacity":"","overlay-gradient":""},"mobile":{"background-color":"","background-image":"","background-repeat":"repeat","background-position":"center center","background-size":"auto","background-attachment":"scroll","background-type":"","background-media":"","overlay-type":"","overlay-color":"","overlay-opacity":"","overlay-gradient":""}},"ast-content-background-meta":{"desktop":{"background-color":"var(--ast-global-color-5)","background-image":"","background-repeat":"repeat","background-position":"center center","background-size":"auto","background-attachment":"scroll","background-type":"","background-media":"","overlay-type":"","overlay-color":"","overlay-opacity":"","overlay-gradient":""},"tablet":{"background-color":"var(--ast-global-color-5)","background-image":"","background-repeat":"repeat","background-position":"center center","background-size":"auto","background-attachment":"scroll","background-type":"","background-media":"","overlay-type":"","overlay-color":"","overlay-opacity":"","overlay-gradient":""},"mobile":{"background-color":"var(--ast-global-color-5)","background-image":"","background-repeat":"repeat","background-position":"center center","background-size":"auto","background-attachment":"scroll","background-type":"","background-media":"","overlay-type":"","overlay-color":"","overlay-opacity":"","overlay-gradient":""}},"footnotes":""},"class_list":["post-6886","page","type-page","status-publish","hentry"],"aioseo_notices":[],"_links":{"self":[{"href":"https:\/\/scalacampus.com\/en\/wp-json\/wp\/v2\/pages\/6886","targetHints":{"allow":["GET"]}}],"collection":[{"href":"https:\/\/scalacampus.com\/en\/wp-json\/wp\/v2\/pages"}],"about":[{"href":"https:\/\/scalacampus.com\/en\/wp-json\/wp\/v2\/types\/page"}],"author":[{"embeddable":true,"href":"https:\/\/scalacampus.com\/en\/wp-json\/wp\/v2\/users\/1"}],"replies":[{"embeddable":true,"href":"https:\/\/scalacampus.com\/en\/wp-json\/wp\/v2\/comments?post=6886"}],"version-history":[{"count":6,"href":"https:\/\/scalacampus.com\/en\/wp-json\/wp\/v2\/pages\/6886\/revisions"}],"predecessor-version":[{"id":7605,"href":"https:\/\/scalacampus.com\/en\/wp-json\/wp\/v2\/pages\/6886\/revisions\/7605"}],"wp:attachment":[{"href":"https:\/\/scalacampus.com\/en\/wp-json\/wp\/v2\/media?parent=6886"}],"curies":[{"name":"wp","href":"https:\/\/api.w.org\/{rel}","templated":true}]}}