{"id":6890,"date":"2022-11-28T13:19:10","date_gmt":"2022-11-28T13:19:10","guid":{"rendered":"https:\/\/scalacampus.com\/?page_id=6890"},"modified":"2023-01-08T18:02:47","modified_gmt":"2023-01-08T18:02:47","slug":"egitimler","status":"publish","type":"page","link":"https:\/\/scalacampus.com\/en\/egitimler\/","title":{"rendered":"TRAINING PROGRAMS"},"content":{"rendered":"<p class=\"has-text-align-center\">\u00c7e\u015fitli konularda ki\u015fisel veya mesleki geli\u015fimi destekleyen,<br>g\u00fcnl\u00fck y\u00fcz y\u00fcze veya online ya da k\u0131sa s\u00fcreli kamp \u015feklinde sertifikal\u0131 e\u011fitim programlar\u0131m\u0131z \u00e7ok yak\u0131nda&#8230;.<br><\/p>\n\n\n\n<p class=\"has-text-align-center\"><strong>E\u011e\u0130T\u0130M PROGRAMLARI:<br><\/strong>\u2022 Sertifikal\u0131 \u015eirket De\u011ferleme E\u011fitim Program\u0131<br>\u2022 Grafik Formasyonlar\u0131 E\u011fitimi<br>\u2022 Teknik Analiz E\u011fitimi <br>\u2022 Yat\u0131r\u0131m Enstr\u00fcmanlar\u0131 E\u011fitimi<br>\u2022 Blokzincir E\u011fitimi<\/p>","protected":false},"excerpt":{"rendered":"<p>\u00c7e\u015fitli konularda ki\u015fisel veya mesleki geli\u015fimi destekleyen,g\u00fcnl\u00fck y\u00fcz y\u00fcze veya online ya da k\u0131sa s\u00fcreli kamp \u015feklinde sertifikal\u0131 e\u011fitim programlar\u0131m\u0131z \u00e7ok yak\u0131nda&#8230;. E\u011e\u0130T\u0130M PROGRAMLARI:\u2022 Sertifikal\u0131 \u015eirket De\u011ferleme E\u011fitim Program\u0131\u2022 Grafik Formasyonlar\u0131 E\u011fitimi\u2022 Teknik Analiz E\u011fitimi \u2022 Yat\u0131r\u0131m Enstr\u00fcmanlar\u0131 E\u011fitimi\u2022 Blokzincir E\u011fitimi<\/p>","protected":false},"author":1,"featured_media":0,"parent":0,"menu_order":0,"comment_status":"closed","ping_status":"closed","template":"","meta":{"site-sidebar-layout":"default","site-content-layout":"","ast-site-content-layout":"default","site-content-style":"default","site-sidebar-style":"default","ast-global-header-display":"","ast-banner-title-visibility":"","ast-main-header-display":"","ast-hfb-above-header-display":"","ast-hfb-below-header-display":"","ast-hfb-mobile-header-display":"","site-post-title":"","ast-breadcrumbs-content":"","ast-featured-img":"","footer-sml-layout":"","theme-transparent-header-meta":"","adv-header-id-meta":"","stick-header-meta":"","header-above-stick-meta":"","header-main-stick-meta":"","header-below-stick-meta":"","astra-migrate-meta-layouts":"default","ast-page-background-enabled":"default","ast-page-background-meta":{"desktop":{"background-color":"var(--ast-global-color-4)","background-image":"","background-repeat":"repeat","background-position":"center center","background-size":"auto","background-attachment":"scroll","background-type":"","background-media":"","overlay-type":"","overlay-color":"","overlay-opacity":"","overlay-gradient":""},"tablet":{"background-color":"","background-image":"","background-repeat":"repeat","background-position":"center center","background-size":"auto","background-attachment":"scroll","background-type":"","background-media":"","overlay-type":"","overlay-color":"","overlay-opacity":"","overlay-gradient":""},"mobile":{"background-color":"","background-image":"","background-repeat":"repeat","background-position":"center center","background-size":"auto","background-attachment":"scroll","background-type":"","background-media":"","overlay-type":"","overlay-color":"","overlay-opacity":"","overlay-gradient":""}},"ast-content-background-meta":{"desktop":{"background-color":"var(--ast-global-color-5)","background-image":"","background-repeat":"repeat","background-position":"center center","background-size":"auto","background-attachment":"scroll","background-type":"","background-media":"","overlay-type":"","overlay-color":"","overlay-opacity":"","overlay-gradient":""},"tablet":{"background-color":"var(--ast-global-color-5)","background-image":"","background-repeat":"repeat","background-position":"center center","background-size":"auto","background-attachment":"scroll","background-type":"","background-media":"","overlay-type":"","overlay-color":"","overlay-opacity":"","overlay-gradient":""},"mobile":{"background-color":"var(--ast-global-color-5)","background-image":"","background-repeat":"repeat","background-position":"center center","background-size":"auto","background-attachment":"scroll","background-type":"","background-media":"","overlay-type":"","overlay-color":"","overlay-opacity":"","overlay-gradient":""}},"footnotes":""},"class_list":["post-6890","page","type-page","status-publish","hentry"],"aioseo_notices":[],"_links":{"self":[{"href":"https:\/\/scalacampus.com\/en\/wp-json\/wp\/v2\/pages\/6890","targetHints":{"allow":["GET"]}}],"collection":[{"href":"https:\/\/scalacampus.com\/en\/wp-json\/wp\/v2\/pages"}],"about":[{"href":"https:\/\/scalacampus.com\/en\/wp-json\/wp\/v2\/types\/page"}],"author":[{"embeddable":true,"href":"https:\/\/scalacampus.com\/en\/wp-json\/wp\/v2\/users\/1"}],"replies":[{"embeddable":true,"href":"https:\/\/scalacampus.com\/en\/wp-json\/wp\/v2\/comments?post=6890"}],"version-history":[{"count":3,"href":"https:\/\/scalacampus.com\/en\/wp-json\/wp\/v2\/pages\/6890\/revisions"}],"predecessor-version":[{"id":7117,"href":"https:\/\/scalacampus.com\/en\/wp-json\/wp\/v2\/pages\/6890\/revisions\/7117"}],"wp:attachment":[{"href":"https:\/\/scalacampus.com\/en\/wp-json\/wp\/v2\/media?parent=6890"}],"curies":[{"name":"wp","href":"https:\/\/api.w.org\/{rel}","templated":true}]}}