{"id":6976,"date":"2022-12-18T00:22:29","date_gmt":"2022-12-18T00:22:29","guid":{"rendered":"https:\/\/scalacampus.com\/home\/"},"modified":"2023-02-21T00:11:32","modified_gmt":"2023-02-21T00:11:32","slug":"home","status":"publish","type":"page","link":"https:\/\/scalacampus.com\/en\/home\/","title":{"rendered":""},"content":{"rendered":"<div data-elementor-type=\"wp-page\" data-elementor-id=\"6976\" class=\"elementor elementor-6976\">\n\t\t\t\t\t\t<section class=\"elementor-section elementor-top-section elementor-element elementor-element-46de577 elementor-section-boxed elementor-section-height-default elementor-section-height-default\" data-id=\"46de577\" data-element_type=\"section\">\n\t\t\t\t\t\t<div class=\"elementor-container elementor-column-gap-default\">\n\t\t\t\t\t<div class=\"elementor-column elementor-col-100 elementor-top-column elementor-element elementor-element-20b14a5\" data-id=\"20b14a5\" data-element_type=\"column\">\n\t\t\t<div class=\"elementor-widget-wrap elementor-element-populated\">\n\t\t\t\t\t\t<div class=\"elementor-element elementor-element-d29f2f4 elementor-widget elementor-widget-shortcode\" data-id=\"d29f2f4\" data-element_type=\"widget\" data-widget_type=\"shortcode.default\">\n\t\t\t\t<div class=\"elementor-widget-container\">\n\t\t\t\t\t\t\t<div class=\"elementor-shortcode\"><\/div>\n\t\t\t\t\t\t<\/div>\n\t\t\t\t<\/div>\n\t\t\t\t\t<\/div>\n\t\t<\/div>\n\t\t\t\t\t<\/div>\n\t\t<\/section>\n\t\t\t\t<section class=\"elementor-section elementor-top-section elementor-element elementor-element-7d16b96 elementor-section-boxed elementor-section-height-default elementor-section-height-default\" data-id=\"7d16b96\" data-element_type=\"section\">\n\t\t\t\t\t\t<div class=\"elementor-container elementor-column-gap-default\">\n\t\t\t\t\t<div class=\"elementor-column elementor-col-100 elementor-top-column elementor-element elementor-element-d9b5db3\" data-id=\"d9b5db3\" data-element_type=\"column\">\n\t\t\t<div class=\"elementor-widget-wrap elementor-element-populated\">\n\t\t\t\t\t\t<div class=\"elementor-element elementor-element-b568780 elementor-widget elementor-widget-text-editor\" data-id=\"b568780\" data-element_type=\"widget\" data-widget_type=\"text-editor.default\">\n\t\t\t\t<div class=\"elementor-widget-container\">\n\t\t\t\t\t\t\t\t\t<p class=\"has-text-align-center\"><strong>\u0130LK SAYI \u0130\u00c7\u0130N MAKALE \u00c7A\u011eRISI<\/strong><\/p>\n<p><!-- \/wp:paragraph --><\/p>\n<p><!-- wp:paragraph --><\/p>\n<p><strong>Scala Para, Ekonomi ve Yat\u0131r\u0131m Dergisi (Scala Journal of Money, Economics and Investment)<\/strong>, Scala Yay\u0131nc\u0131l\u0131k taraf\u0131ndan \u00e7\u0131kar\u0131lan Aral\u0131k ve Haziran aylar\u0131nda olmak \u00fczere y\u0131lda iki kez yay\u0131nlanan, uluslararas\u0131, a\u00e7\u0131k eri\u015fimli ve hakemli bir dergidir. T\u00fcrk\u00e7e ve \u0130ngilizce dillerinde yaz\u0131lm\u0131\u015f makaleleri kabul eden dergimiz; ba\u015fta ekonomi, finans ve yat\u0131r\u0131m olmak \u00fczere yine bu alanlarla ba\u011flant\u0131l\u0131 di\u011fer sosyal bilim ve pazarlama, muhasebe ve y\u00f6netim bilimi gibi di\u011fer profesyonel bilim alanlar\u0131na ili\u015fkin makalelerin yay\u0131nlanmas\u0131n\u0131 ama\u00e7lamaktad\u0131r\u2026 Dergimizin yay\u0131nlanacak olan ilk say\u0131s\u0131na katk\u0131lar\u0131n\u0131z\u0131 bekliyoruz\u2026<\/p>\n<p><!-- \/wp:paragraph --><\/p>\n<p><!-- wp:paragraph {\"align\":\"center\"} --><\/p>\n<p class=\"has-text-align-center\"><strong>HAKEML\u0130K DAVET\u0130<\/strong><\/p>\n<p><!-- \/wp:paragraph --><\/p>\n<p><!-- wp:paragraph --><\/p>\n<p><strong>Scala Para, Ekonomi ve Yat\u0131r\u0131m Dergisi <\/strong>olarak, sizleri dergimizin hakem ekibinin bir par\u00e7as\u0131 olmaya davet ediyoruz. Dergimize gelen makaleler i\u00e7in hakemlik g\u00f6revinde bulunmak isterseniz, l\u00fctfen CV\u2019nizi ekleyerek bizimle ileti\u015fime ge\u00e7in: <strong>dergi@scalacampus.com<\/strong><\/p>\n<div class=\"wp-block-columns\">\n<div class=\"wp-block-column\">\u00a0<\/div>\n<div class=\"wp-block-column\">\u00a0<\/div>\n<div class=\"wp-block-column\">\u00a0<\/div>\n<div class=\"wp-block-column\">\u00a0<\/div>\n<div class=\"wp-block-column\">\u00a0<\/div>\n<div class=\"wp-block-column\">\u00a0<\/div>\n<div class=\"wp-block-column\">\u00a0<\/div>\n<div class=\"wp-block-column\">\u00a0<\/div>\n<div class=\"wp-block-column\">\u00a0<\/div>\n<div class=\"wp-block-column\">\u00a0<\/div>\n<p><!-- \/wp:column --><\/p>\n<p><!-- wp:column --><\/p>\n<div class=\"wp-block-column\">\u00a0<\/div>\n<p><!-- \/wp:column --><\/p>\n<p><!-- wp:column --><\/p>\n<div class=\"wp-block-column\">\u00a0<\/div>\n<\/div>\t\t\t\t\t\t\t\t<\/div>\n\t\t\t\t<\/div>\n\t\t\t\t\t<\/div>\n\t\t<\/div>\n\t\t\t\t\t<\/div>\n\t\t<\/section>\n\t\t\t\t<\/div>","protected":false},"excerpt":{"rendered":"<p>\u0130LK SAYI \u0130\u00c7\u0130N MAKALE \u00c7A\u011eRISI Scala Para, Ekonomi ve Yat\u0131r\u0131m Dergisi (Scala Journal of Money, Economics and Investment), Scala Yay\u0131nc\u0131l\u0131k taraf\u0131ndan \u00e7\u0131kar\u0131lan Aral\u0131k ve Haziran aylar\u0131nda olmak \u00fczere y\u0131lda iki kez yay\u0131nlanan, uluslararas\u0131, a\u00e7\u0131k eri\u015fimli ve hakemli bir dergidir. T\u00fcrk\u00e7e ve \u0130ngilizce dillerinde yaz\u0131lm\u0131\u015f makaleleri kabul eden dergimiz; ba\u015fta ekonomi, finans ve yat\u0131r\u0131m olmak \u00fczere [&hellip;]<\/p>","protected":false},"author":1,"featured_media":0,"parent":0,"menu_order":0,"comment_status":"closed","ping_status":"closed","template":"","meta":{"site-sidebar-layout":"default","site-content-layout":"","ast-site-content-layout":"default","site-content-style":"default","site-sidebar-style":"default","ast-global-header-display":"","ast-banner-title-visibility":"","ast-main-header-display":"","ast-hfb-above-header-display":"","ast-hfb-below-header-display":"","ast-hfb-mobile-header-display":"","site-post-title":"disabled","ast-breadcrumbs-content":"","ast-featured-img":"","footer-sml-layout":"","theme-transparent-header-meta":"","adv-header-id-meta":"","stick-header-meta":"","header-above-stick-meta":"","header-main-stick-meta":"","header-below-stick-meta":"","astra-migrate-meta-layouts":"default","ast-page-background-enabled":"default","ast-page-background-meta":{"desktop":{"background-color":"var(--ast-global-color-4)","background-image":"","background-repeat":"repeat","background-position":"center center","background-size":"auto","background-attachment":"scroll","background-type":"","background-media":"","overlay-type":"","overlay-color":"","overlay-opacity":"","overlay-gradient":""},"tablet":{"background-color":"","background-image":"","background-repeat":"repeat","background-position":"center center","background-size":"auto","background-attachment":"scroll","background-type":"","background-media":"","overlay-type":"","overlay-color":"","overlay-opacity":"","overlay-gradient":""},"mobile":{"background-color":"","background-image":"","background-repeat":"repeat","background-position":"center center","background-size":"auto","background-attachment":"scroll","background-type":"","background-media":"","overlay-type":"","overlay-color":"","overlay-opacity":"","overlay-gradient":""}},"ast-content-background-meta":{"desktop":{"background-color":"var(--ast-global-color-5)","background-image":"","background-repeat":"repeat","background-position":"center center","background-size":"auto","background-attachment":"scroll","background-type":"","background-media":"","overlay-type":"","overlay-color":"","overlay-opacity":"","overlay-gradient":""},"tablet":{"background-color":"var(--ast-global-color-5)","background-image":"","background-repeat":"repeat","background-position":"center center","background-size":"auto","background-attachment":"scroll","background-type":"","background-media":"","overlay-type":"","overlay-color":"","overlay-opacity":"","overlay-gradient":""},"mobile":{"background-color":"var(--ast-global-color-5)","background-image":"","background-repeat":"repeat","background-position":"center center","background-size":"auto","background-attachment":"scroll","background-type":"","background-media":"","overlay-type":"","overlay-color":"","overlay-opacity":"","overlay-gradient":""}},"footnotes":""},"class_list":["post-6976","page","type-page","status-publish","hentry"],"aioseo_notices":[],"_links":{"self":[{"href":"https:\/\/scalacampus.com\/en\/wp-json\/wp\/v2\/pages\/6976","targetHints":{"allow":["GET"]}}],"collection":[{"href":"https:\/\/scalacampus.com\/en\/wp-json\/wp\/v2\/pages"}],"about":[{"href":"https:\/\/scalacampus.com\/en\/wp-json\/wp\/v2\/types\/page"}],"author":[{"embeddable":true,"href":"https:\/\/scalacampus.com\/en\/wp-json\/wp\/v2\/users\/1"}],"replies":[{"embeddable":true,"href":"https:\/\/scalacampus.com\/en\/wp-json\/wp\/v2\/comments?post=6976"}],"version-history":[{"count":127,"href":"https:\/\/scalacampus.com\/en\/wp-json\/wp\/v2\/pages\/6976\/revisions"}],"predecessor-version":[{"id":7510,"href":"https:\/\/scalacampus.com\/en\/wp-json\/wp\/v2\/pages\/6976\/revisions\/7510"}],"wp:attachment":[{"href":"https:\/\/scalacampus.com\/en\/wp-json\/wp\/v2\/media?parent=6976"}],"curies":[{"name":"wp","href":"https:\/\/api.w.org\/{rel}","templated":true}]}}