{"id":7146,"date":"2023-01-12T16:51:16","date_gmt":"2023-01-12T16:51:16","guid":{"rendered":"https:\/\/scalacampus.com\/?page_id=7146"},"modified":"2023-01-12T16:54:53","modified_gmt":"2023-01-12T16:54:53","slug":"odeme","status":"publish","type":"page","link":"https:\/\/scalacampus.com\/en\/odeme\/","title":{"rendered":"\u00d6deme"},"content":{"rendered":"<ol class=\"wp-block-list\">\n<li>Hakem onay\u0131ndan ge\u00e7en kitap b\u00f6l\u00fcm\u00fcn\u00fcn; A\u00e7\u0131k Eri\u015fim deste\u011fi ile&nbsp;sayfa d\u00fczeni, grafik tasar\u0131m\u0131, kargo giderleri, matbaa giderleri ve yazara g\u00f6nderilecek kitap (her b\u00f6l\u00fcm i\u00e7in sorumlu yazara 1 adet kitap kargo ile g\u00f6nderilir) bedeli olarak 1000 TL \u00f6deme al\u0131n\u0131r.<\/li>\n\n\n\n<li>\u00d6deme, <strong>Scala Kitap\u00e7\u0131<\/strong>\u2019n\u0131n a\u015fa\u011f\u0131da verilen hesap numaras\u0131na EFT veya havale ile \u00f6denmelidir. \u00d6deme s\u0131ras\u0131nda Al\u0131c\u0131\/hesap sahibi bilgisini do\u011fru yazd\u0131\u011f\u0131n\u0131za dikkat ediniz.<\/li>\n\n\n\n<li>Kredi Kart\u0131 ile \u00f6deme al\u0131nmamaktad\u0131r.<\/li>\n\n\n\n<li>\u00d6deme yapt\u0131ktan sonra, dekontunuzun PDF&#8217;sini sistem \u00fczerinden ilgili alana y\u00fckleyiniz.<\/li>\n\n\n\n<li>\u0130nternet bankac\u0131l\u0131\u011f\u0131 \u00fczerinden yap\u0131lan \u00f6demelerde, bazen bilgilerin yanl\u0131\u015f girilmesi nedeniyle \u00f6demeniz hesab\u0131n\u0131za iade olabilmektedir. EFT\/Havale talimat\u0131nda Al\u0131c\u0131 ve \u0130BAN bilgilerini do\u011fru girdi\u011finizden emin olunuz.<\/li>\n\n\n\n<li>Kitab\u0131n yay\u0131n s\u00fcreci ba\u015flad\u0131ktan sonra, \u00f6deme iadesi yap\u0131lmaz. <\/li>\n<\/ol>\n\n\n\n<p><strong>Scala Kitap\u00e7\u0131 Hesap Nnumaras<\/strong>\u0131<\/p>\n\n\n\n<figure class=\"wp-block-table\"><table><tbody><tr><td>Banka <\/td><td><strong>\u0130\u015f Bankas\u0131 Galatasaray \u015eubesi<\/strong><\/td><\/tr><tr><td>Hesap Sahibi<\/td><td><strong>Novel Scala Bas\u0131l\u0131 Yay\u0131n\u00a0Tan\u0131t\u0131m ve Tic SAN A.\u015e.<\/strong><\/td><\/tr><tr><td>IBAN<\/td><td><strong>TR98 0006 4000 0011 0112 0870 80<\/strong><\/td><\/tr><\/tbody><\/table><\/figure>","protected":false},"excerpt":{"rendered":"<p>Scala Kitap\u00e7\u0131 Hesap Nnumaras\u0131 Banka \u0130\u015f Bankas\u0131 Galatasaray \u015eubesi Hesap Sahibi Novel Scala Bas\u0131l\u0131 Yay\u0131n\u00a0Tan\u0131t\u0131m ve Tic SAN A.\u015e. IBAN TR98 0006 4000 0011 0112 0870 80<\/p>","protected":false},"author":1,"featured_media":0,"parent":0,"menu_order":0,"comment_status":"closed","ping_status":"closed","template":"","meta":{"site-sidebar-layout":"default","site-content-layout":"","ast-site-content-layout":"default","site-content-style":"default","site-sidebar-style":"default","ast-global-header-display":"","ast-banner-title-visibility":"","ast-main-header-display":"","ast-hfb-above-header-display":"","ast-hfb-below-header-display":"","ast-hfb-mobile-header-display":"","site-post-title":"","ast-breadcrumbs-content":"","ast-featured-img":"","footer-sml-layout":"","theme-transparent-header-meta":"","adv-header-id-meta":"","stick-header-meta":"","header-above-stick-meta":"","header-main-stick-meta":"","header-below-stick-meta":"","astra-migrate-meta-layouts":"default","ast-page-background-enabled":"default","ast-page-background-meta":{"desktop":{"background-color":"var(--ast-global-color-4)","background-image":"","background-repeat":"repeat","background-position":"center center","background-size":"auto","background-attachment":"scroll","background-type":"","background-media":"","overlay-type":"","overlay-color":"","overlay-opacity":"","overlay-gradient":""},"tablet":{"background-color":"","background-image":"","background-repeat":"repeat","background-position":"center center","background-size":"auto","background-attachment":"scroll","background-type":"","background-media":"","overlay-type":"","overlay-color":"","overlay-opacity":"","overlay-gradient":""},"mobile":{"background-color":"","background-image":"","background-repeat":"repeat","background-position":"center center","background-size":"auto","background-attachment":"scroll","background-type":"","background-media":"","overlay-type":"","overlay-color":"","overlay-opacity":"","overlay-gradient":""}},"ast-content-background-meta":{"desktop":{"background-color":"var(--ast-global-color-5)","background-image":"","background-repeat":"repeat","background-position":"center center","background-size":"auto","background-attachment":"scroll","background-type":"","background-media":"","overlay-type":"","overlay-color":"","overlay-opacity":"","overlay-gradient":""},"tablet":{"background-color":"var(--ast-global-color-5)","background-image":"","background-repeat":"repeat","background-position":"center center","background-size":"auto","background-attachment":"scroll","background-type":"","background-media":"","overlay-type":"","overlay-color":"","overlay-opacity":"","overlay-gradient":""},"mobile":{"background-color":"var(--ast-global-color-5)","background-image":"","background-repeat":"repeat","background-position":"center center","background-size":"auto","background-attachment":"scroll","background-type":"","background-media":"","overlay-type":"","overlay-color":"","overlay-opacity":"","overlay-gradient":""}},"footnotes":""},"class_list":["post-7146","page","type-page","status-publish","hentry"],"aioseo_notices":[],"_links":{"self":[{"href":"https:\/\/scalacampus.com\/en\/wp-json\/wp\/v2\/pages\/7146","targetHints":{"allow":["GET"]}}],"collection":[{"href":"https:\/\/scalacampus.com\/en\/wp-json\/wp\/v2\/pages"}],"about":[{"href":"https:\/\/scalacampus.com\/en\/wp-json\/wp\/v2\/types\/page"}],"author":[{"embeddable":true,"href":"https:\/\/scalacampus.com\/en\/wp-json\/wp\/v2\/users\/1"}],"replies":[{"embeddable":true,"href":"https:\/\/scalacampus.com\/en\/wp-json\/wp\/v2\/comments?post=7146"}],"version-history":[{"count":2,"href":"https:\/\/scalacampus.com\/en\/wp-json\/wp\/v2\/pages\/7146\/revisions"}],"predecessor-version":[{"id":7149,"href":"https:\/\/scalacampus.com\/en\/wp-json\/wp\/v2\/pages\/7146\/revisions\/7149"}],"wp:attachment":[{"href":"https:\/\/scalacampus.com\/en\/wp-json\/wp\/v2\/media?parent=7146"}],"curies":[{"name":"wp","href":"https:\/\/api.w.org\/{rel}","templated":true}]}}