{"id":7578,"date":"2023-03-04T23:35:10","date_gmt":"2023-03-04T23:35:10","guid":{"rendered":"https:\/\/scalacampus.com\/?page_id=7578"},"modified":"2023-12-28T10:44:29","modified_gmt":"2023-12-28T10:44:29","slug":"uluslararasi-kitap-ve-kitap-bolumu-2","status":"publish","type":"page","link":"https:\/\/scalacampus.com\/en\/uluslararasi-kitap-ve-kitap-bolumu-2\/","title":{"rendered":"INTERNATIONAL BOOK\/BOOK CHAPTER"},"content":{"rendered":"<div data-elementor-type=\"wp-page\" data-elementor-id=\"7578\" class=\"elementor elementor-7578\">\n\t\t\t\t\t\t<section class=\"elementor-section elementor-top-section elementor-element elementor-element-0ff137a elementor-section-boxed elementor-section-height-default elementor-section-height-default\" data-id=\"0ff137a\" data-element_type=\"section\">\n\t\t\t\t\t\t<div class=\"elementor-container elementor-column-gap-default\">\n\t\t\t\t\t<div class=\"elementor-column elementor-col-50 elementor-top-column elementor-element elementor-element-54ce8aa\" data-id=\"54ce8aa\" data-element_type=\"column\">\n\t\t\t<div class=\"elementor-widget-wrap elementor-element-populated\">\n\t\t\t\t\t\t<div class=\"elementor-element elementor-element-f270a25 elementor-widget elementor-widget-image\" data-id=\"f270a25\" data-element_type=\"widget\" data-widget_type=\"image.default\">\n\t\t\t\t<div class=\"elementor-widget-container\">\n\t\t\t\t\t\t\t\t\t\t\t\t\t\t\t<img decoding=\"async\" src=\"https:\/\/scalacampus.com\/wp-content\/uploads\/elementor\/thumbs\/sup-q0b39sb9tpvg4pzsyudb35zxkc8nritmce1j94dg6s.png\" title=\"sup\" alt=\"sup\" loading=\"lazy\" \/>\t\t\t\t\t\t\t\t\t\t\t\t\t\t\t<\/div>\n\t\t\t\t<\/div>\n\t\t\t\t\t<\/div>\n\t\t<\/div>\n\t\t\t\t<div class=\"elementor-column elementor-col-50 elementor-top-column elementor-element elementor-element-4589cb3\" data-id=\"4589cb3\" data-element_type=\"column\">\n\t\t\t<div class=\"elementor-widget-wrap elementor-element-populated\">\n\t\t\t\t\t\t<div class=\"elementor-element elementor-element-e3da467 elementor-widget elementor-widget-text-editor\" data-id=\"e3da467\" data-element_type=\"widget\" data-widget_type=\"text-editor.default\">\n\t\t\t\t<div class=\"elementor-widget-container\">\n\t\t\t\t\t\t\t\t\t<p style=\"box-sizing: inherit; font-size: 17px; font-style: normal; font-weight: 400; color: #000000; font-family: 'Source Sans Pro', sans-serif;\">\u00dcniversiteler Aras\u0131 Kurul (\u00dcAK) taraf\u0131ndan tan\u0131mlanan<br style=\"box-sizing: inherit;\" \/><span style=\"box-sizing: inherit; font-weight: bold;\">Uluslararas\u0131 Yay\u0131nevi<\/span>; \u201cEn az d\u00f6rt y\u0131l uluslararas\u0131 d\u00fczeyde<br style=\"box-sizing: inherit;\" \/>d\u00fczenli faaliyet y\u00fcr\u00fcten, yay\u0131mlad\u0131\u011f\u0131 kitaplar<br style=\"box-sizing: inherit;\" \/>Y\u00fcksek\u00f6\u011fretim Kurulunca tan\u0131nan s\u0131ralama kurulu\u015flar\u0131nca<br style=\"box-sizing: inherit;\" \/>belirlenen d\u00fcnyada ilk 500\u2019e giren \u00fcniversite<br style=\"box-sizing: inherit;\" \/>k\u00fct\u00fcphanelerinde kataloglanan ve ayn\u0131 alanda farkl\u0131<br style=\"box-sizing: inherit;\" \/>yazarlara ait en az 20 kitap yay\u0131mlam\u0131\u015f olan yay\u0131nevi\u201d<br style=\"box-sizing: inherit;\" \/>olarak tan\u0131mlanm\u0131\u015ft\u0131r.<\/p><p style=\"box-sizing: inherit; font-size: 17px; font-style: normal; font-weight: 400; color: #000000; font-family: 'Source Sans Pro', sans-serif;\">Novel Scala Bas\u0131l\u0131 Yay\u0131n, \u00dcAK\u2019\u0131n 19.11.2019 tarihli \u201cUlusal ve<br style=\"box-sizing: inherit;\" \/>Uluslararas\u0131 Yay\u0131nevi\u201d tan\u0131m\u0131na g\u00f6re t\u00fcm temel alanlarda<br style=\"box-sizing: inherit;\" \/>\u201c<span style=\"box-sizing: inherit; font-weight: bold;\">Tan\u0131nm\u0131\u015f Uluslararas\u0131 Yay\u0131nevi<\/span>\u201d stat\u00fcs\u00fcndedir.<br style=\"box-sizing: inherit;\" \/>(http:\/\/www.uak.gov.tr\/?q=node\/85#2018N)<\/p><p style=\"box-sizing: inherit;\"><span style=\"color: #000000; font-family: Source Sans Pro, sans-serif;\">Novel Scala Bas\u0131l\u0131 Yay\u0131n, \u00dcAK\u2019\u0131n 19.11.2019 tarihli \u201cUlusal ve<\/span><br style=\"box-sizing: inherit;\" \/><span style=\"color: #000000; font-family: Source Sans Pro, sans-serif;\">Uluslararas\u0131 Yay\u0131nevi\u201d tan\u0131m\u0131na g\u00f6re t\u00fcm temel alanlarda<\/span><br style=\"box-sizing: inherit;\" \/><span style=\"color: #000000; font-family: Source Sans Pro, sans-serif;\">\u201c<\/span><span style=\"color: #000000; font-family: 'Source Sans Pro', sans-serif; font-size: 17px; font-style: normal; font-weight: bold; box-sizing: inherit;\">Tan\u0131nm\u0131\u015f Uluslararas\u0131 Yay\u0131nevi<\/span><span style=\"color: #000000; font-family: Source Sans Pro, sans-serif;\">\u201d stat\u00fcs\u00fcndedir.<\/span><br style=\"box-sizing: inherit;\" \/><span style=\"color: #000000; font-family: Source Sans Pro, sans-serif;\">(http:\/\/www.uak.gov.tr\/?q=node\/85#2018N)<\/span><\/p><p style=\"box-sizing: inherit;\"><span style=\"background-color: var(--ast-global-color-5);\"><span style=\"color: #000000; font-family: Source Sans Pro, sans-serif;\">Yay\u0131nevimiz ayn\u0131 zamanda, 17 Ocak 2020 tarihli\u00a0<\/span><\/span><span style=\"color: #000000; font-family: 'Source Sans Pro', sans-serif; font-style: inherit; font-weight: inherit; background-color: var(--ast-global-color-5);\">Akademik Te\u015fvik Y\u00f6netmeli\u011fi&#8217;ndeki tan\u0131ma g\u00f6re de, yine\u00a0<\/span><span style=\"color: #000000; font-family: 'Source Sans Pro', sans-serif; font-style: inherit; font-weight: inherit; background-color: var(--ast-global-color-5);\">t\u00fcm temel alanlarda &#8220;Tan\u0131nm\u0131\u015f Uluslararas\u0131 Yay\u0131nevi&#8221; stat\u00fcs\u00fcndedir.<\/span><\/p><p style=\"box-sizing: inherit; font-size: 17px; font-style: normal; font-weight: 400; color: #000000; font-family: 'Source Sans Pro', sans-serif;\">\u00a0<\/p>\t\t\t\t\t\t\t\t<\/div>\n\t\t\t\t<\/div>\n\t\t\t\t\t<\/div>\n\t\t<\/div>\n\t\t\t\t\t<\/div>\n\t\t<\/section>\n\t\t\t\t<section class=\"elementor-section elementor-top-section elementor-element elementor-element-4cf2688 elementor-section-boxed elementor-section-height-default elementor-section-height-default\" data-id=\"4cf2688\" data-element_type=\"section\">\n\t\t\t\t\t\t<div class=\"elementor-container elementor-column-gap-default\">\n\t\t\t\t\t<div class=\"elementor-column elementor-col-100 elementor-top-column elementor-element elementor-element-39ae482\" data-id=\"39ae482\" data-element_type=\"column\">\n\t\t\t<div class=\"elementor-widget-wrap elementor-element-populated\">\n\t\t\t\t\t\t<div class=\"elementor-element elementor-element-72bf205 elementor-widget elementor-widget-text-editor\" data-id=\"72bf205\" data-element_type=\"widget\" data-widget_type=\"text-editor.default\">\n\t\t\t\t<div class=\"elementor-widget-container\">\n\t\t\t\t\t\t\t\t\t<p>&#8220;Akademik Te\u015fvik \u00d6dene\u011fi Y\u00f6netmeli\u011finde De\u011fi\u015fiklik Yap\u0131lmas\u0131na Dair Y\u00f6netmelikt&#8221; (17 Ocak 2020, Resm\u00ee Gazete Say\u0131: 31011, Karar Say\u0131s\u0131: 2043) yay\u0131mlanm\u0131\u015ft\u0131r. Ad\u0131 ge\u00e7en Y\u00f6netmelikle de\u011fi\u015fik 3&#8217;\u00fcnc\u00fc maddesinini birinci f\u0131kras\u0131n\u0131n (l) bendine&#8221;d\u00fczenli faaliyet y\u00fcr\u00fcten&#8221;, ibaresinden sonra gelmek \u00fczere &#8220;;T\u00fcrk\u00e7e d\u0131\u015f\u0131ndaki dillerde&#8221;; ibaresi eklenmi\u015ftir. Yay\u0131nevimizin &#8220;<b>T\u00dcRK\u00c7E DI\u015eINDAK\u0130 D\u0130LLERDE<\/b>&#8221; t\u00fcm temel alanlarda en az 20 (Y\u0130RM\u0130) adet yay\u0131n\u0131 bulunmaktad\u0131r.<\/p>\t\t\t\t\t\t\t\t<\/div>\n\t\t\t\t<\/div>\n\t\t\t\t\t<\/div>\n\t\t<\/div>\n\t\t\t\t\t<\/div>\n\t\t<\/section>\n\t\t\t\t<section class=\"elementor-section elementor-top-section elementor-element elementor-element-cdcdf54 elementor-section-boxed elementor-section-height-default elementor-section-height-default\" data-id=\"cdcdf54\" data-element_type=\"section\">\n\t\t\t\t\t\t<div class=\"elementor-container elementor-column-gap-default\">\n\t\t\t\t\t<div class=\"elementor-column elementor-col-50 elementor-top-column elementor-element elementor-element-95b3c03\" data-id=\"95b3c03\" data-element_type=\"column\">\n\t\t\t<div class=\"elementor-widget-wrap elementor-element-populated\">\n\t\t\t\t\t\t<div class=\"elementor-element elementor-element-97eb18f elementor-widget elementor-widget-text-editor\" data-id=\"97eb18f\" data-element_type=\"widget\" data-widget_type=\"text-editor.default\">\n\t\t\t\t<div class=\"elementor-widget-container\">\n\t\t\t\t\t\t\t\t\t<p>Konunun uzman\u0131 edit\u00f6rlerimiz taraf\u0131ndan incelenerek yay\u0131na uygun bulunan eserler i\u00e7in belirlenen yay\u0131n paketi \u00fccreti d\u0131\u015f\u0131nda ek \u00fccret talep edilmez.<\/p><p><b>Novel Scala Bas\u0131l\u0131 Yay\u0131n\u2019\u0131n Sunmu\u015f Oldu\u011fu Hizmetler:<\/b><\/p><ul><li>Tashih<\/li><li>Mizanpaj<\/li><li>Kapak tasar\u0131m\u0131<\/li><li>ISBN ve Bandrol Al\u0131nmas\u0131<\/li><li>Matbaa ve Bask\u0131 Hizmetleri<\/li><li>Eserin bas\u0131m, yay\u0131m ve da\u011f\u0131t\u0131m\u0131 ile ilgili olarak tahakkuk<br \/>edecek olan t\u00fcm vergiler<\/li><li>\u00c7e\u015fitli mecralarda reklam hizmetleri<\/li><li>Yazar\u0131n bas\u0131lm\u0131\u015f olan eserinden 10 adet kendisine<br \/>teslim edilmesi, ek kitaplar i\u00e7in yazar\u0131n etiket fiyat\u0131<br \/>\u00fczerinden %50 indirimle kitab\u0131 sat\u0131n alabilme hakk<span style=\"font-family: var( --e-global-typography-text-font-family ), Sans-serif; font-weight: var( --e-global-typography-text-font-weight ); background-color: var(--ast-global-color-5); font-size: 1rem;\">\u0131<\/span><\/li><\/ul>\t\t\t\t\t\t\t\t<\/div>\n\t\t\t\t<\/div>\n\t\t\t\t\t<\/div>\n\t\t<\/div>\n\t\t\t\t<div class=\"elementor-column elementor-col-50 elementor-top-column elementor-element elementor-element-4f2b9ba\" data-id=\"4f2b9ba\" data-element_type=\"column\">\n\t\t\t<div class=\"elementor-widget-wrap elementor-element-populated\">\n\t\t\t\t\t\t<div class=\"elementor-element elementor-element-98a010d elementor-absolute elementor-widget elementor-widget-image\" data-id=\"98a010d\" data-element_type=\"widget\" data-settings=\"{&quot;_position&quot;:&quot;absolute&quot;}\" data-widget_type=\"image.default\">\n\t\t\t\t<div class=\"elementor-widget-container\">\n\t\t\t\t\t\t\t\t\t\t\t\t\t\t\t<img fetchpriority=\"high\" decoding=\"async\" width=\"1934\" height=\"2048\" src=\"https:\/\/scalacampus.com\/wp-content\/uploads\/2023\/03\/onleyici_soguk-1934x2048.jpg\" class=\"attachment-2048x2048 size-2048x2048 wp-image-7794\" alt=\"\" srcset=\"https:\/\/scalacampus.com\/wp-content\/uploads\/2023\/03\/onleyici_soguk-1934x2048.jpg 1934w, https:\/\/scalacampus.com\/wp-content\/uploads\/2023\/03\/onleyici_soguk-283x300.jpg 283w, https:\/\/scalacampus.com\/wp-content\/uploads\/2023\/03\/onleyici_soguk-967x1024.jpg 967w, https:\/\/scalacampus.com\/wp-content\/uploads\/2023\/03\/onleyici_soguk-768x813.jpg 768w, https:\/\/scalacampus.com\/wp-content\/uploads\/2023\/03\/onleyici_soguk-1450x1536.jpg 1450w, https:\/\/scalacampus.com\/wp-content\/uploads\/2023\/03\/onleyici_soguk-11x12.jpg 11w\" sizes=\"(max-width: 1934px) 100vw, 1934px\" \/>\t\t\t\t\t\t\t\t\t\t\t\t\t\t\t<\/div>\n\t\t\t\t<\/div>\n\t\t\t\t\t<\/div>\n\t\t<\/div>\n\t\t\t\t\t<\/div>\n\t\t<\/section>\n\t\t\t\t<section class=\"elementor-section elementor-top-section elementor-element elementor-element-8e69ec4 elementor-section-boxed elementor-section-height-default elementor-section-height-default\" data-id=\"8e69ec4\" data-element_type=\"section\">\n\t\t\t\t\t\t<div class=\"elementor-container elementor-column-gap-default\">\n\t\t\t\t\t<div class=\"elementor-column elementor-col-100 elementor-top-column elementor-element elementor-element-ec5cb72\" data-id=\"ec5cb72\" data-element_type=\"column\">\n\t\t\t<div class=\"elementor-widget-wrap elementor-element-populated\">\n\t\t\t\t\t\t<div class=\"elementor-element elementor-element-16c942e elementor-widget elementor-widget-text-editor\" data-id=\"16c942e\" data-element_type=\"widget\" data-widget_type=\"text-editor.default\">\n\t\t\t\t<div class=\"elementor-widget-container\">\n\t\t\t\t\t\t\t\t\t<p>Novel Scala Bas\u0131l\u0131 Yay\u0131n, geni\u015f da\u011f\u0131t\u0131m a\u011f\u0131yla kitaplar\u0131n\u0131z matbaadan \u00e7\u0131kar \u00e7\u0131kmaz T\u00fcrkiye \u00e7ap\u0131nda t\u00fcm kitap\u00e7\u0131larda, t\u00fcm online sat\u0131\u015f platformlar\u0131nda, zincir marketlerde, Azerbaycan ve Avrupa pazarlar\u0131nda yerlerini al\u0131r.<\/p>\t\t\t\t\t\t\t\t<\/div>\n\t\t\t\t<\/div>\n\t\t\t\t\t<\/div>\n\t\t<\/div>\n\t\t\t\t\t<\/div>\n\t\t<\/section>\n\t\t\t\t<section class=\"elementor-section elementor-top-section elementor-element elementor-element-60b97aa elementor-section-boxed elementor-section-height-default elementor-section-height-default\" data-id=\"60b97aa\" data-element_type=\"section\">\n\t\t\t\t\t\t<div class=\"elementor-container elementor-column-gap-default\">\n\t\t\t\t\t<div class=\"elementor-column elementor-col-33 elementor-top-column elementor-element elementor-element-8eaf950\" data-id=\"8eaf950\" data-element_type=\"column\">\n\t\t\t<div class=\"elementor-widget-wrap elementor-element-populated\">\n\t\t\t\t\t\t<div class=\"elementor-element elementor-element-f3669ee elementor-widget elementor-widget-image\" data-id=\"f3669ee\" data-element_type=\"widget\" data-widget_type=\"image.default\">\n\t\t\t\t<div class=\"elementor-widget-container\">\n\t\t\t\t\t\t\t\t\t\t\t\t\t\t\t\t<a href=\"https:\/\/www.scalakitapci.com\/onleyici-soguk-savas\" target=\"_blank\">\n\t\t\t\t\t\t\t<img decoding=\"async\" width=\"597\" height=\"900\" src=\"https:\/\/scalacampus.com\/wp-content\/uploads\/2023\/04\/onleyici-soguk-savas-arastirma-inceleme-dr-cengiz-topel-mermer-scala-yayincilik-8466-53-B.jpg\" class=\"attachment-large size-large wp-image-7814\" alt=\"\" srcset=\"https:\/\/scalacampus.com\/wp-content\/uploads\/2023\/04\/onleyici-soguk-savas-arastirma-inceleme-dr-cengiz-topel-mermer-scala-yayincilik-8466-53-B.jpg 597w, https:\/\/scalacampus.com\/wp-content\/uploads\/2023\/04\/onleyici-soguk-savas-arastirma-inceleme-dr-cengiz-topel-mermer-scala-yayincilik-8466-53-B-199x300.jpg 199w, https:\/\/scalacampus.com\/wp-content\/uploads\/2023\/04\/onleyici-soguk-savas-arastirma-inceleme-dr-cengiz-topel-mermer-scala-yayincilik-8466-53-B-8x12.jpg 8w\" sizes=\"(max-width: 597px) 100vw, 597px\" \/>\t\t\t\t\t\t\t\t<\/a>\n\t\t\t\t\t\t\t\t\t\t\t\t\t\t\t<\/div>\n\t\t\t\t<\/div>\n\t\t\t\t\t<\/div>\n\t\t<\/div>\n\t\t\t\t<div class=\"elementor-column elementor-col-33 elementor-top-column elementor-element elementor-element-ef3e10b\" data-id=\"ef3e10b\" data-element_type=\"column\">\n\t\t\t<div class=\"elementor-widget-wrap elementor-element-populated\">\n\t\t\t\t\t\t<div class=\"elementor-element elementor-element-a11c3f2 elementor-widget elementor-widget-image\" data-id=\"a11c3f2\" data-element_type=\"widget\" data-widget_type=\"image.default\">\n\t\t\t\t<div class=\"elementor-widget-container\">\n\t\t\t\t\t\t\t\t\t\t\t\t\t\t\t\t<a href=\"https:\/\/www.scalakitapci.com\/dusuk-kaliteli-ve-dusuk-oranli-buyume-tuzagi\" target=\"_blank\">\n\t\t\t\t\t\t\t<img decoding=\"async\" width=\"609\" height=\"900\" src=\"https:\/\/scalacampus.com\/wp-content\/uploads\/2023\/04\/dusuk-kaliteli-ve-dusuk-oranli-buyume-tuzagi-borsa-finans-ekren-findikci-karagoz-bildik-scala-yayincilik-8599-54-B.jpg\" class=\"attachment-large size-large wp-image-7815\" alt=\"\" srcset=\"https:\/\/scalacampus.com\/wp-content\/uploads\/2023\/04\/dusuk-kaliteli-ve-dusuk-oranli-buyume-tuzagi-borsa-finans-ekren-findikci-karagoz-bildik-scala-yayincilik-8599-54-B.jpg 609w, https:\/\/scalacampus.com\/wp-content\/uploads\/2023\/04\/dusuk-kaliteli-ve-dusuk-oranli-buyume-tuzagi-borsa-finans-ekren-findikci-karagoz-bildik-scala-yayincilik-8599-54-B-203x300.jpg 203w, https:\/\/scalacampus.com\/wp-content\/uploads\/2023\/04\/dusuk-kaliteli-ve-dusuk-oranli-buyume-tuzagi-borsa-finans-ekren-findikci-karagoz-bildik-scala-yayincilik-8599-54-B-8x12.jpg 8w\" sizes=\"(max-width: 609px) 100vw, 609px\" \/>\t\t\t\t\t\t\t\t<\/a>\n\t\t\t\t\t\t\t\t\t\t\t\t\t\t\t<\/div>\n\t\t\t\t<\/div>\n\t\t\t\t\t<\/div>\n\t\t<\/div>\n\t\t\t\t<div class=\"elementor-column elementor-col-33 elementor-top-column elementor-element elementor-element-eb1becf\" data-id=\"eb1becf\" data-element_type=\"column\">\n\t\t\t<div class=\"elementor-widget-wrap elementor-element-populated\">\n\t\t\t\t\t\t<div class=\"elementor-element elementor-element-11871a7 elementor-widget elementor-widget-image\" data-id=\"11871a7\" data-element_type=\"widget\" data-widget_type=\"image.default\">\n\t\t\t\t<div class=\"elementor-widget-container\">\n\t\t\t\t\t\t\t\t\t\t\t\t\t\t\t\t<a href=\"https:\/\/www.scalakitapci.com\/halka-arz-101-sirket-finansmaninda-halka-arzlar\" target=\"_blank\">\n\t\t\t\t\t\t\t<img loading=\"lazy\" decoding=\"async\" width=\"574\" height=\"900\" src=\"https:\/\/scalacampus.com\/wp-content\/uploads\/2023\/04\/halka-arz-101-sirket-finansmaninda-halka-arzlar-borsa-finans-doc-.jpg\" class=\"attachment-large size-large wp-image-7812\" alt=\"\" srcset=\"https:\/\/scalacampus.com\/wp-content\/uploads\/2023\/04\/halka-arz-101-sirket-finansmaninda-halka-arzlar-borsa-finans-doc-.jpg 574w, https:\/\/scalacampus.com\/wp-content\/uploads\/2023\/04\/halka-arz-101-sirket-finansmaninda-halka-arzlar-borsa-finans-doc--191x300.jpg 191w, https:\/\/scalacampus.com\/wp-content\/uploads\/2023\/04\/halka-arz-101-sirket-finansmaninda-halka-arzlar-borsa-finans-doc--8x12.jpg 8w\" sizes=\"(max-width: 574px) 100vw, 574px\" \/>\t\t\t\t\t\t\t\t<\/a>\n\t\t\t\t\t\t\t\t\t\t\t\t\t\t\t<\/div>\n\t\t\t\t<\/div>\n\t\t\t\t\t<\/div>\n\t\t<\/div>\n\t\t\t\t\t<\/div>\n\t\t<\/section>\n\t\t\t\t<\/div>","protected":false},"excerpt":{"rendered":"<p>\u00dcniversiteler Aras\u0131 Kurul (\u00dcAK) taraf\u0131ndan tan\u0131mlananUluslararas\u0131 Yay\u0131nevi; \u201cEn az d\u00f6rt y\u0131l uluslararas\u0131 d\u00fczeyded\u00fczenli faaliyet y\u00fcr\u00fcten, yay\u0131mlad\u0131\u011f\u0131 kitaplarY\u00fcksek\u00f6\u011fretim Kurulunca tan\u0131nan s\u0131ralama kurulu\u015flar\u0131ncabelirlenen d\u00fcnyada ilk 500\u2019e giren \u00fcniversitek\u00fct\u00fcphanelerinde kataloglanan ve ayn\u0131 alanda farkl\u0131yazarlara ait en az 20 kitap yay\u0131mlam\u0131\u015f olan yay\u0131nevi\u201dolarak tan\u0131mlanm\u0131\u015ft\u0131r. Novel Scala Bas\u0131l\u0131 Yay\u0131n, \u00dcAK\u2019\u0131n 19.11.2019 tarihli \u201cUlusal veUluslararas\u0131 Yay\u0131nevi\u201d tan\u0131m\u0131na g\u00f6re t\u00fcm temel alanlarda\u201cTan\u0131nm\u0131\u015f [&hellip;]<\/p>","protected":false},"author":1,"featured_media":0,"parent":0,"menu_order":0,"comment_status":"closed","ping_status":"closed","template":"","meta":{"site-sidebar-layout":"no-sidebar","site-content-layout":"page-builder","ast-site-content-layout":"default","site-content-style":"default","site-sidebar-style":"default","ast-global-header-display":"","ast-banner-title-visibility":"","ast-main-header-display":"","ast-hfb-above-header-display":"","ast-hfb-below-header-display":"","ast-hfb-mobile-header-display":"","site-post-title":"disabled","ast-breadcrumbs-content":"","ast-featured-img":"disabled","footer-sml-layout":"","theme-transparent-header-meta":"","adv-header-id-meta":"","stick-header-meta":"","header-above-stick-meta":"","header-main-stick-meta":"","header-below-stick-meta":"","astra-migrate-meta-layouts":"default","ast-page-background-enabled":"default","ast-page-background-meta":{"desktop":{"background-color":"var(--ast-global-color-4)","background-image":"","background-repeat":"repeat","background-position":"center center","background-size":"auto","background-attachment":"scroll","background-type":"","background-media":"","overlay-type":"","overlay-color":"","overlay-opacity":"","overlay-gradient":""},"tablet":{"background-color":"","background-image":"","background-repeat":"repeat","background-position":"center center","background-size":"auto","background-attachment":"scroll","background-type":"","background-media":"","overlay-type":"","overlay-color":"","overlay-opacity":"","overlay-gradient":""},"mobile":{"background-color":"","background-image":"","background-repeat":"repeat","background-position":"center center","background-size":"auto","background-attachment":"scroll","background-type":"","background-media":"","overlay-type":"","overlay-color":"","overlay-opacity":"","overlay-gradient":""}},"ast-content-background-meta":{"desktop":{"background-color":"var(--ast-global-color-5)","background-image":"","background-repeat":"repeat","background-position":"center center","background-size":"auto","background-attachment":"scroll","background-type":"","background-media":"","overlay-type":"","overlay-color":"","overlay-opacity":"","overlay-gradient":""},"tablet":{"background-color":"var(--ast-global-color-5)","background-image":"","background-repeat":"repeat","background-position":"center center","background-size":"auto","background-attachment":"scroll","background-type":"","background-media":"","overlay-type":"","overlay-color":"","overlay-opacity":"","overlay-gradient":""},"mobile":{"background-color":"var(--ast-global-color-5)","background-image":"","background-repeat":"repeat","background-position":"center center","background-size":"auto","background-attachment":"scroll","background-type":"","background-media":"","overlay-type":"","overlay-color":"","overlay-opacity":"","overlay-gradient":""}},"footnotes":""},"class_list":["post-7578","page","type-page","status-publish","hentry"],"aioseo_notices":[],"_links":{"self":[{"href":"https:\/\/scalacampus.com\/en\/wp-json\/wp\/v2\/pages\/7578","targetHints":{"allow":["GET"]}}],"collection":[{"href":"https:\/\/scalacampus.com\/en\/wp-json\/wp\/v2\/pages"}],"about":[{"href":"https:\/\/scalacampus.com\/en\/wp-json\/wp\/v2\/types\/page"}],"author":[{"embeddable":true,"href":"https:\/\/scalacampus.com\/en\/wp-json\/wp\/v2\/users\/1"}],"replies":[{"embeddable":true,"href":"https:\/\/scalacampus.com\/en\/wp-json\/wp\/v2\/comments?post=7578"}],"version-history":[{"count":61,"href":"https:\/\/scalacampus.com\/en\/wp-json\/wp\/v2\/pages\/7578\/revisions"}],"predecessor-version":[{"id":7890,"href":"https:\/\/scalacampus.com\/en\/wp-json\/wp\/v2\/pages\/7578\/revisions\/7890"}],"wp:attachment":[{"href":"https:\/\/scalacampus.com\/en\/wp-json\/wp\/v2\/media?parent=7578"}],"curies":[{"name":"wp","href":"https:\/\/api.w.org\/{rel}","templated":true}]}}